{"id":8889,"date":"2024-04-08T14:47:35","date_gmt":"2024-04-08T14:47:35","guid":{"rendered":"https:\/\/myworkplace.aioh.io\/privatlivspolitik\/"},"modified":"2024-04-29T17:49:32","modified_gmt":"2024-04-29T17:49:32","slug":"privatlivspolitik","status":"publish","type":"page","link":"https:\/\/www.myworkplaceapp.aioh.io\/da\/privatlivspolitik\/","title":{"rendered":"Privatlivspolitik"},"content":{"rendered":"\t\t<div data-elementor-type=\"wp-page\" data-elementor-id=\"8889\" class=\"elementor elementor-8889 elementor-7818\">\n\t\t\t\t<div class=\"elementor-element elementor-element-4fcd6f3 e-con-full inner e-flex e-con e-parent\" data-id=\"4fcd6f3\" data-element_type=\"container\" data-settings=\"{&quot;background_background&quot;:&quot;classic&quot;}\" data-core-v316-plus=\"true\">\n\t\t<div class=\"elementor-element elementor-element-4ce04f2 e-con-full e-flex e-con e-child\" data-id=\"4ce04f2\" data-element_type=\"container\">\n\t\t\t\t<div class=\"elementor-element elementor-element-080805b elementor-widget elementor-widget-heading\" data-id=\"080805b\" data-element_type=\"widget\" data-widget_type=\"heading.default\">\n\t\t\t\t<div class=\"elementor-widget-container\">\n\t\t\t<style>\/*! elementor - v3.20.0 - 11-03-2024 *\/\n.elementor-heading-title{padding:0;margin:0;line-height:1}.elementor-widget-heading .elementor-heading-title[class*=elementor-size-]>a{color:inherit;font-size:inherit;line-height:inherit}.elementor-widget-heading .elementor-heading-title.elementor-size-small{font-size:15px}.elementor-widget-heading .elementor-heading-title.elementor-size-medium{font-size:19px}.elementor-widget-heading .elementor-heading-title.elementor-size-large{font-size:29px}.elementor-widget-heading .elementor-heading-title.elementor-size-xl{font-size:39px}.elementor-widget-heading .elementor-heading-title.elementor-size-xxl{font-size:59px}<\/style><h1 class=\"elementor-heading-title elementor-size-default\">Privatlivspolitik<\/h1>\t\t<\/div>\n\t\t\t\t<\/div>\n\t\t\t\t<div class=\"elementor-element elementor-element-88e0143 margin-remove elementor-widget elementor-widget-text-editor\" data-id=\"88e0143\" data-element_type=\"widget\" data-widget_type=\"text-editor.default\">\n\t\t\t\t<div class=\"elementor-widget-container\">\n\t\t\t<style>\/*! elementor - v3.20.0 - 11-03-2024 *\/\n.elementor-widget-text-editor.elementor-drop-cap-view-stacked .elementor-drop-cap{background-color:#69727d;color:#fff}.elementor-widget-text-editor.elementor-drop-cap-view-framed .elementor-drop-cap{color:#69727d;border:3px solid;background-color:transparent}.elementor-widget-text-editor:not(.elementor-drop-cap-view-default) .elementor-drop-cap{margin-top:8px}.elementor-widget-text-editor:not(.elementor-drop-cap-view-default) .elementor-drop-cap-letter{width:1em;height:1em}.elementor-widget-text-editor .elementor-drop-cap{float:left;text-align:center;line-height:1;font-size:50px}.elementor-widget-text-editor .elementor-drop-cap-letter{display:inline-block}<\/style>\t\t\t\t<p>Ikrafttr\u00e6delsesdato: 2022-06-14<br>\nOpdateret den: 2022-06-16<\/p>\t\t\t\t\t\t<\/div>\n\t\t\t\t<\/div>\n\t\t\t\t<\/div>\n\t\t\t\t<\/div>\n\t\t<div class=\"elementor-element elementor-element-197fd7b e-con-full e-flex e-con e-parent\" data-id=\"197fd7b\" data-element_type=\"container\" data-settings=\"{&quot;background_background&quot;:&quot;classic&quot;}\" data-core-v316-plus=\"true\">\n\t\t<div class=\"elementor-element elementor-element-c1c2ab2 e-con-full e-flex e-con e-child\" data-id=\"c1c2ab2\" data-element_type=\"container\">\n\t\t<div class=\"elementor-element elementor-element-629fcd7 e-flex e-con-boxed e-con e-child\" data-id=\"629fcd7\" data-element_type=\"container\">\n\t\t\t\t\t<div class=\"e-con-inner\">\n\t\t\t\t<div class=\"elementor-element elementor-element-fc9c22b elementor-widget elementor-widget-image-box\" data-id=\"fc9c22b\" data-element_type=\"widget\" data-widget_type=\"image-box.default\">\n\t\t\t\t<div class=\"elementor-widget-container\">\n\t\t\t<style>\/*! elementor - v3.20.0 - 11-03-2024 *\/\n.elementor-widget-image-box .elementor-image-box-content{width:100%}@media (min-width:768px){.elementor-widget-image-box.elementor-position-left .elementor-image-box-wrapper,.elementor-widget-image-box.elementor-position-right .elementor-image-box-wrapper{display:flex}.elementor-widget-image-box.elementor-position-right .elementor-image-box-wrapper{text-align:right;flex-direction:row-reverse}.elementor-widget-image-box.elementor-position-left .elementor-image-box-wrapper{text-align:left;flex-direction:row}.elementor-widget-image-box.elementor-position-top .elementor-image-box-img{margin:auto}.elementor-widget-image-box.elementor-vertical-align-top .elementor-image-box-wrapper{align-items:flex-start}.elementor-widget-image-box.elementor-vertical-align-middle .elementor-image-box-wrapper{align-items:center}.elementor-widget-image-box.elementor-vertical-align-bottom .elementor-image-box-wrapper{align-items:flex-end}}@media (max-width:767px){.elementor-widget-image-box .elementor-image-box-img{margin-left:auto!important;margin-right:auto!important;margin-bottom:15px}}.elementor-widget-image-box .elementor-image-box-img{display:inline-block}.elementor-widget-image-box .elementor-image-box-title a{color:inherit}.elementor-widget-image-box .elementor-image-box-wrapper{text-align:center}.elementor-widget-image-box .elementor-image-box-description{margin:0}<\/style><div class=\"elementor-image-box-wrapper\"><div class=\"elementor-image-box-content\"><h5 class=\"elementor-image-box-title\">Hvem er vi?<\/h5><p class=\"elementor-image-box-description\"><p>Foresl\u00e5et tekst: Adressen p\u00e5 vores hjemmeside er: <a href=\"https:\/\/myworkplaceapp.aioh.io\/da\/\">https:\/\/myworkplaceapp.aioh.io\/<\/a><\/p><\/p><\/div><\/div>\t\t<\/div>\n\t\t\t\t<\/div>\n\t\t\t\t<div class=\"elementor-element elementor-element-027e113 elementor-widget elementor-widget-image-box\" data-id=\"027e113\" data-element_type=\"widget\" data-widget_type=\"image-box.default\">\n\t\t\t\t<div class=\"elementor-widget-container\">\n\t\t\t<div class=\"elementor-image-box-wrapper\"><div class=\"elementor-image-box-content\"><h5 class=\"elementor-image-box-title\">Kommentarer<\/h5><p class=\"elementor-image-box-description\"><p>Foresl\u00e5et tekst: N\u00e5r bes\u00f8gende efterlader kommentarer p\u00e5 webstedet, indsamler vi de data, der vises i kommentarformularen, og ogs\u00e5 den bes\u00f8gendes IP-adresse og browserens brugeragentstreng for at hj\u00e6lpe med at opdage spam.<\/p>\n<p>En anonymiseret streng oprettet ud fra din e-mailadresse (ogs\u00e5 kaldet en hash) kan blive leveret til Gravatar-tjenesten for at se, om du bruger den. Gravatar-tjenestens privatlivspolitik er tilg\u00e6ngelig her: <a target=\"_blank\" href=\"https:\/\/automattic.com\/privacy\/\">https:\/\/automattic.com\/privacy\/<\/a>. Efter godkendelse af din kommentar er dit profilbillede synligt for offentligheden i forbindelse med din kommentar.<\/p><\/p><\/div><\/div>\t\t<\/div>\n\t\t\t\t<\/div>\n\t\t\t\t<div class=\"elementor-element elementor-element-078357f elementor-widget elementor-widget-image-box\" data-id=\"078357f\" data-element_type=\"widget\" data-widget_type=\"image-box.default\">\n\t\t\t\t<div class=\"elementor-widget-container\">\n\t\t\t<div class=\"elementor-image-box-wrapper\"><div class=\"elementor-image-box-content\"><h5 class=\"elementor-image-box-title\">Medier<\/h5><p class=\"elementor-image-box-description\"><p>Foresl\u00e5et tekst: Hvis du uploader billeder til hjemmesiden, b\u00f8r du undg\u00e5 at uploade billeder med indlejrede placeringsdata (EXIF GPS) inkluderet. Bes\u00f8gende p\u00e5 hjemmesiden kan downloade og udtr\u00e6kke alle lokaliseringsdata fra billeder p\u00e5 hjemmesiden.  <\/p><\/p><\/div><\/div>\t\t<\/div>\n\t\t\t\t<\/div>\n\t\t\t\t<div class=\"elementor-element elementor-element-abfb495 elementor-widget elementor-widget-image-box\" data-id=\"abfb495\" data-element_type=\"widget\" data-widget_type=\"image-box.default\">\n\t\t\t\t<div class=\"elementor-widget-container\">\n\t\t\t<div class=\"elementor-image-box-wrapper\"><div class=\"elementor-image-box-content\"><h5 class=\"elementor-image-box-title\">Sm\u00e5kager<\/h5><p class=\"elementor-image-box-description\"><p>Foresl\u00e5et tekst: Hvis du efterlader en kommentar p\u00e5 vores hjemmeside, kan du v\u00e6lge at gemme dit navn, din e-mailadresse og dit websted i cookies. Disse er for din bekvemmelighed, s\u00e5 du ikke beh\u00f8ver at udfylde dine oplysninger igen, n\u00e5r du skriver en ny kommentar. Disse sm\u00e5kager kan holde sig i et \u00e5r.<\/p>\n<p>Hvis du bes\u00f8ger vores login-side, s\u00e6tter vi en midlertidig cookie for at afg\u00f8re, om din browser accepterer cookies. Denne cookie indeholder ingen personlige data og slettes, n\u00e5r du lukker din browser.<\/p>\n<p>N\u00e5r du logger ind, opretter vi ogs\u00e5 flere cookies for at gemme dine loginoplysninger og dine sk\u00e6rmvisningsvalg. Login-cookies holder i to dage, og cookies til sk\u00e6rmindstillinger holder i et \u00e5r. Hvis du v\u00e6lger \"Husk mig\", vil dit login blive bevaret i to uger. Hvis du logger ud af din konto, vil login-cookies blive fjernet.<\/p>\n<p>Hvis du redigerer eller udgiver en artikel, gemmes der en ekstra cookie i din browser. Denne cookie indeholder ingen personlige data og angiver blot post-ID'et for den artikel, du lige har redigeret. Den udl\u00f8ber efter 1 dag.<\/p><\/p><\/div><\/div>\t\t<\/div>\n\t\t\t\t<\/div>\n\t\t\t\t<div class=\"elementor-element elementor-element-519c19f elementor-widget elementor-widget-image-box\" data-id=\"519c19f\" data-element_type=\"widget\" data-widget_type=\"image-box.default\">\n\t\t\t\t<div class=\"elementor-widget-container\">\n\t\t\t<div class=\"elementor-image-box-wrapper\"><div class=\"elementor-image-box-content\"><h5 class=\"elementor-image-box-title\">Indlejret indhold fra andre hjemmesider<\/h5><p class=\"elementor-image-box-description\"><p>Foresl\u00e5et tekst: Artikler p\u00e5 dette websted kan indeholde indlejret indhold (f.eks. videoer, billeder, artikler osv.). Indlejret indhold fra andre hjemmesider opf\u00f8rer sig p\u00e5 n\u00f8jagtig samme m\u00e5de, som hvis den bes\u00f8gende havde bes\u00f8gt den anden hjemmeside.<\/p>\n<p>Disse hjemmesider kan indsamle data om dig, bruge cookies, indlejre yderligere tredjepartssporing og overv\u00e5ge din interaktion med det indlejrede indhold, herunder spore din interaktion med det indlejrede indhold, hvis du har en konto og er logget ind p\u00e5 den p\u00e5g\u00e6ldende hjemmeside.<\/p><\/p><\/div><\/div>\t\t<\/div>\n\t\t\t\t<\/div>\n\t\t\t\t<div class=\"elementor-element elementor-element-b63b129 elementor-widget elementor-widget-image-box\" data-id=\"b63b129\" data-element_type=\"widget\" data-widget_type=\"image-box.default\">\n\t\t\t\t<div class=\"elementor-widget-container\">\n\t\t\t<div class=\"elementor-image-box-wrapper\"><div class=\"elementor-image-box-content\"><h5 class=\"elementor-image-box-title\">Mangfoldighed og inklusion<\/h5><p class=\"elementor-image-box-description\"><p>AI-v\u00e6rkt\u00f8jer hj\u00e6lper med at identificere og mindske bias i ans\u00e6ttelses- og forfremmelsesprocesser, hvilket bidrager til en mere mangfoldig og inkluderende arbejdsplads. Disse systemer analyserer m\u00f8nstre for at sikre retf\u00e6rdighed i beslutningstagningen og fremme lige muligheder for alle medarbejdere.  <\/p><\/p><\/div><\/div>\t\t<\/div>\n\t\t\t\t<\/div>\n\t\t\t\t<div class=\"elementor-element elementor-element-056f93c elementor-widget elementor-widget-image-box\" data-id=\"056f93c\" data-element_type=\"widget\" data-widget_type=\"image-box.default\">\n\t\t\t\t<div class=\"elementor-widget-container\">\n\t\t\t<div class=\"elementor-image-box-wrapper\"><div class=\"elementor-image-box-content\"><h5 class=\"elementor-image-box-title\">Hvem deler vi dine data med?<\/h5><p class=\"elementor-image-box-description\"><p>Foresl\u00e5et tekst: Hvis du anmoder om en nulstilling af adgangskoden, vil din IP-adresse blive inkluderet i nulstillingsmailen.<\/p><\/p><\/div><\/div>\t\t<\/div>\n\t\t\t\t<\/div>\n\t\t\t\t<div class=\"elementor-element elementor-element-17eb434 elementor-widget elementor-widget-image-box\" data-id=\"17eb434\" data-element_type=\"widget\" data-widget_type=\"image-box.default\">\n\t\t\t\t<div class=\"elementor-widget-container\">\n\t\t\t<div class=\"elementor-image-box-wrapper\"><div class=\"elementor-image-box-content\"><h5 class=\"elementor-image-box-title\">Hvor l\u00e6nge vi opbevarer dine data<\/h5><p class=\"elementor-image-box-description\"><p>Foresl\u00e5et tekst: Hvis du efterlader en kommentar, bevares kommentaren og dens metadata p\u00e5 ubestemt tid. Det er, s\u00e5 vi kan genkende og godkende eventuelle opf\u00f8lgende kommentarer automatisk i stedet for at holde dem i en moderationsk\u00f8.<\/p>\n<p>For brugere, der registrerer sig p\u00e5 vores hjemmeside (hvis nogen), gemmer vi ogs\u00e5 de personlige oplysninger, de giver i deres brugerprofil. Alle brugere kan til enhver tid se, redigere eller slette deres personlige oplysninger (bortset fra at de ikke kan \u00e6ndre deres brugernavn). Hjemmesidens administratorer kan ogs\u00e5 se og redigere disse oplysninger.<\/p><\/p><\/div><\/div>\t\t<\/div>\n\t\t\t\t<\/div>\n\t\t\t\t<div class=\"elementor-element elementor-element-4303f14 elementor-widget elementor-widget-image-box\" data-id=\"4303f14\" data-element_type=\"widget\" data-widget_type=\"image-box.default\">\n\t\t\t\t<div class=\"elementor-widget-container\">\n\t\t\t<div class=\"elementor-image-box-wrapper\"><div class=\"elementor-image-box-content\"><h5 class=\"elementor-image-box-title\">Hvilke rettigheder du har over dine data<\/h5><p class=\"elementor-image-box-description\"><p>Foresl\u00e5et tekst: Hvis du har en konto p\u00e5 dette websted eller har skrevet kommentarer, kan du anmode om at modtage en eksporteret fil med de personlige data, vi har om dig, herunder alle data, du har givet os. Du kan ogs\u00e5 anmode om, at vi sletter alle personlige data, vi har om dig. Dette omfatter ikke data, som vi er forpligtet til at opbevare af administrative, juridiske eller sikkerhedsm\u00e6ssige \u00e5rsager.<\/p><\/p><\/div><\/div>\t\t<\/div>\n\t\t\t\t<\/div>\n\t\t\t\t<div class=\"elementor-element elementor-element-cc312ed elementor-widget elementor-widget-image-box\" data-id=\"cc312ed\" data-element_type=\"widget\" data-widget_type=\"image-box.default\">\n\t\t\t\t<div class=\"elementor-widget-container\">\n\t\t\t<div class=\"elementor-image-box-wrapper\"><div class=\"elementor-image-box-content\"><h5 class=\"elementor-image-box-title\">Hvor dine data bliver sendt hen<\/h5><p class=\"elementor-image-box-description\"><p>Foresl\u00e5et tekst: Bes\u00f8gendes kommentarer kan blive kontrolleret gennem en automatiseret spamdetekteringstjeneste.<\/p><\/p><\/div><\/div>\t\t<\/div>\n\t\t\t\t<\/div>\n\t\t\t\t\t<\/div>\n\t\t\t\t<\/div>\n\t\t\t\t<\/div>\n\t\t\t\t<\/div>\n\t\t\t\t<\/div>\n\t\t","protected":false},"excerpt":{"rendered":"<p>Privatlivspolitik Ikrafttr\u00e6delsesdato: 2022-06-14 Opdateret den: 2022-06-16 Hvem er vi? Foresl\u00e5et tekst: Adressen p\u00e5 vores hjemmeside er: https:\/\/myworkplace.care\/ Kommentarer Foresl\u00e5et tekst: N\u00e5r [&hellip;]<\/p>\n","protected":false},"author":1,"featured_media":0,"parent":0,"menu_order":0,"comment_status":"closed","ping_status":"closed","template":"elementor_header_footer","meta":{"footnotes":""},"rttpg_featured_image_url":null,"rttpg_author":{"display_name":"user","author_link":"https:\/\/www.myworkplaceapp.aioh.io\/da\/author\/user\/"},"rttpg_comment":0,"rttpg_category":" <a href=\"https:\/\/www.myworkplaceapp.aioh.io\/da\/?taxonomy=translation_priority&#038;term=optional-da\" rel=\"tag\">Optional<\/a>","rttpg_excerpt":"Privatlivspolitik Ikrafttr\u00e6delsesdato: 2022-06-14 Opdateret den: 2022-06-16 Hvem er vi? Foresl\u00e5et tekst: Adressen p\u00e5 vores hjemmeside er: https:\/\/myworkplace.care\/ Kommentarer Foresl\u00e5et tekst: N\u00e5r [&hellip;]","_links":{"self":[{"href":"https:\/\/www.myworkplaceapp.aioh.io\/da\/wp-json\/wp\/v2\/pages\/8889"}],"collection":[{"href":"https:\/\/www.myworkplaceapp.aioh.io\/da\/wp-json\/wp\/v2\/pages"}],"about":[{"href":"https:\/\/www.myworkplaceapp.aioh.io\/da\/wp-json\/wp\/v2\/types\/page"}],"author":[{"embeddable":true,"href":"https:\/\/www.myworkplaceapp.aioh.io\/da\/wp-json\/wp\/v2\/users\/1"}],"replies":[{"embeddable":true,"href":"https:\/\/www.myworkplaceapp.aioh.io\/da\/wp-json\/wp\/v2\/comments?post=8889"}],"version-history":[{"count":9,"href":"https:\/\/www.myworkplaceapp.aioh.io\/da\/wp-json\/wp\/v2\/pages\/8889\/revisions"}],"predecessor-version":[{"id":10718,"href":"https:\/\/www.myworkplaceapp.aioh.io\/da\/wp-json\/wp\/v2\/pages\/8889\/revisions\/10718"}],"wp:attachment":[{"href":"https:\/\/www.myworkplaceapp.aioh.io\/da\/wp-json\/wp\/v2\/media?parent=8889"}],"curies":[{"name":"wp","href":"https:\/\/api.w.org\/{rel}","templated":true}]}}