{"id":8890,"date":"2024-04-15T14:02:26","date_gmt":"2024-04-15T14:02:26","guid":{"rendered":"https:\/\/myworkplace.aioh.io\/casestudier\/"},"modified":"2024-11-14T11:25:02","modified_gmt":"2024-11-14T11:25:02","slug":"casestudier","status":"publish","type":"page","link":"https:\/\/www.myworkplaceapp.aioh.io\/da\/casestudier\/","title":{"rendered":"Casestudier"},"content":{"rendered":"\t\t<div data-elementor-type=\"wp-page\" data-elementor-id=\"8890\" class=\"elementor elementor-8890 elementor-8048\">\n\t\t\t\t<div class=\"elementor-element elementor-element-15baf8a e-con-full inner e-flex e-con e-parent\" data-id=\"15baf8a\" data-element_type=\"container\" data-settings=\"{&quot;background_background&quot;:&quot;classic&quot;}\" data-core-v316-plus=\"true\">\n\t\t<div class=\"elementor-element elementor-element-99875ca e-con-full e-flex e-con e-child\" data-id=\"99875ca\" data-element_type=\"container\">\n\t\t\t\t<div class=\"elementor-element elementor-element-2512132 elementor-widget elementor-widget-heading\" data-id=\"2512132\" data-element_type=\"widget\" data-widget_type=\"heading.default\">\n\t\t\t\t<div class=\"elementor-widget-container\">\n\t\t\t<style>\/*! elementor - v3.20.0 - 11-03-2024 *\/\n.elementor-heading-title{padding:0;margin:0;line-height:1}.elementor-widget-heading .elementor-heading-title[class*=elementor-size-]>a{color:inherit;font-size:inherit;line-height:inherit}.elementor-widget-heading .elementor-heading-title.elementor-size-small{font-size:15px}.elementor-widget-heading .elementor-heading-title.elementor-size-medium{font-size:19px}.elementor-widget-heading .elementor-heading-title.elementor-size-large{font-size:29px}.elementor-widget-heading .elementor-heading-title.elementor-size-xl{font-size:39px}.elementor-widget-heading .elementor-heading-title.elementor-size-xxl{font-size:59px}<\/style><h6 class=\"elementor-heading-title elementor-size-default\">CASE STUDIES<\/h6>\t\t<\/div>\n\t\t\t\t<\/div>\n\t\t\t\t<div class=\"elementor-element elementor-element-0704671 elementor-widget elementor-widget-heading\" data-id=\"0704671\" data-element_type=\"widget\" data-widget_type=\"heading.default\">\n\t\t\t\t<div class=\"elementor-widget-container\">\n\t\t\t<h1 class=\"elementor-heading-title elementor-size-default\">S\u00e5dan tranformerede MyWorkplace medarbejdernes trivsel hos <span class=\"change_color\">UMENIT Solutions LLP<\/span><\/h1>\t\t<\/div>\n\t\t\t\t<\/div>\n\t\t\t\t<div class=\"elementor-element elementor-element-461efa1 elementor-widget elementor-widget-image\" data-id=\"461efa1\" data-element_type=\"widget\" data-widget_type=\"image.default\">\n\t\t\t\t<div class=\"elementor-widget-container\">\n\t\t\t<style>\/*! elementor - v3.20.0 - 11-03-2024 *\/\n.elementor-widget-image{text-align:center}.elementor-widget-image a{display:inline-block}.elementor-widget-image a img[src$=\".svg\"]{width:48px}.elementor-widget-image img{vertical-align:middle;display:inline-block}<\/style>\t\t\t\t\t\t\t\t\t\t<img fetchpriority=\"high\" decoding=\"async\" width=\"800\" height=\"534\" src=\"https:\/\/www.myworkplaceapp.aioh.io\/wp-content\/uploads\/2024\/04\/casestudy.png\" class=\"attachment-large size-large wp-image-10822\" alt=\"casestudy\" \/>\t\t\t\t\t\t\t\t\t\t\t\t\t<\/div>\n\t\t\t\t<\/div>\n\t\t\t\t<\/div>\n\t\t\t\t<\/div>\n\t\t<div class=\"elementor-element elementor-element-3889853 e-con-full e-flex e-con e-parent\" data-id=\"3889853\" data-element_type=\"container\" data-settings=\"{&quot;background_background&quot;:&quot;classic&quot;}\" data-core-v316-plus=\"true\">\n\t\t<div class=\"elementor-element elementor-element-7b5ce41 e-con-full e-flex e-con e-child\" data-id=\"7b5ce41\" data-element_type=\"container\">\n\t\t<div class=\"elementor-element elementor-element-f38a516 e-flex e-con-boxed e-con e-child\" data-id=\"f38a516\" data-element_type=\"container\">\n\t\t\t\t\t<div class=\"e-con-inner\">\n\t\t\t\t<div class=\"elementor-element elementor-element-cb9c468 elementor-widget elementor-widget-image-box\" data-id=\"cb9c468\" data-element_type=\"widget\" data-widget_type=\"image-box.default\">\n\t\t\t\t<div class=\"elementor-widget-container\">\n\t\t\t<style>\/*! elementor - v3.20.0 - 11-03-2024 *\/\n.elementor-widget-image-box .elementor-image-box-content{width:100%}@media (min-width:768px){.elementor-widget-image-box.elementor-position-left .elementor-image-box-wrapper,.elementor-widget-image-box.elementor-position-right .elementor-image-box-wrapper{display:flex}.elementor-widget-image-box.elementor-position-right .elementor-image-box-wrapper{text-align:right;flex-direction:row-reverse}.elementor-widget-image-box.elementor-position-left .elementor-image-box-wrapper{text-align:left;flex-direction:row}.elementor-widget-image-box.elementor-position-top .elementor-image-box-img{margin:auto}.elementor-widget-image-box.elementor-vertical-align-top .elementor-image-box-wrapper{align-items:flex-start}.elementor-widget-image-box.elementor-vertical-align-middle .elementor-image-box-wrapper{align-items:center}.elementor-widget-image-box.elementor-vertical-align-bottom .elementor-image-box-wrapper{align-items:flex-end}}@media (max-width:767px){.elementor-widget-image-box .elementor-image-box-img{margin-left:auto!important;margin-right:auto!important;margin-bottom:15px}}.elementor-widget-image-box .elementor-image-box-img{display:inline-block}.elementor-widget-image-box .elementor-image-box-title a{color:inherit}.elementor-widget-image-box .elementor-image-box-wrapper{text-align:center}.elementor-widget-image-box .elementor-image-box-description{margin:0}<\/style><div class=\"elementor-image-box-wrapper\"><div class=\"elementor-image-box-content\"><h5 class=\"elementor-image-box-title\">Introduktion<\/h5><p class=\"elementor-image-box-description\"><p>I det skiftende landskab af moderne arbejdspladser s\u00f8ger organisationer konstant l\u00f8sninger, der str\u00f8mliner driften, optimerer produktiviteten og prioriterer medarbejdernes velbefindende. Dette casestudie belyser, hvordan My Workplace, en medarbejderorienteret platform, gjorde det muligt for en virksomhed at spare tid, \u00f8ge effektiviteten og fremme en kultur, hvor medarbejderne trives p\u00e5 samme tid.  <\/p><\/p><\/div><\/div>\t\t<\/div>\n\t\t\t\t<\/div>\n\t\t\t\t<div class=\"elementor-element elementor-element-49c9d2e elementor-widget elementor-widget-image-box\" data-id=\"49c9d2e\" data-element_type=\"widget\" data-widget_type=\"image-box.default\">\n\t\t\t\t<div class=\"elementor-widget-container\">\n\t\t\t<div class=\"elementor-image-box-wrapper\"><div class=\"elementor-image-box-content\"><h5 class=\"elementor-image-box-title\">Virksomhedsoversigt<\/h5><p class=\"elementor-image-box-description\"><p>UMENIT Solutions LLP, en f\u00f8rende teknologidrevet virksomhed i teknologisektoren, stod over for udfordringer med at administrere forskellige HR- og sundhedstjenester. Medarbejdernes engagement var dalende, og ineffektivitet i driften h\u00e6mmede produktiviteten. UMENIT s\u00f8gte en omfattende l\u00f8sning og henvendte sig til My Workplace for at l\u00f8se disse problemer.<\/p><\/p><\/div><\/div>\t\t<\/div>\n\t\t\t\t<\/div>\n\t\t\t\t<div class=\"elementor-element elementor-element-fe86d6f elementor-widget elementor-widget-image-box\" data-id=\"fe86d6f\" data-element_type=\"widget\" data-widget_type=\"image-box.default\">\n\t\t\t\t<div class=\"elementor-widget-container\">\n\t\t\t<div class=\"elementor-image-box-wrapper\"><div class=\"elementor-image-box-content\"><h5 class=\"elementor-image-box-title\">Str\u00f8mlining af driften<\/h5><p class=\"elementor-image-box-description\"><p>My Workplace konsoliderede forskellige HR-processer, fra onboarding til administration af personalegoder, i en samlet platform. Denne integration forenklede de administrative opgaver, reducerede det manuelle arbejde og str\u00f8mlinede arbejdsgangene. Resultatet var, at HR-medarbejderne sparede meget tid, som de tidligere brugte p\u00e5 gentagne opgaver, s\u00e5 de kunne fokusere p\u00e5 mere strategiske initiativer.  <\/p><\/p><\/div><\/div>\t\t<\/div>\n\t\t\t\t<\/div>\n\t\t\t\t<div class=\"elementor-element elementor-element-1717ff4 elementor-widget elementor-widget-image-box\" data-id=\"1717ff4\" data-element_type=\"widget\" data-widget_type=\"image-box.default\">\n\t\t\t\t<div class=\"elementor-widget-container\">\n\t\t\t<div class=\"elementor-image-box-wrapper\"><div class=\"elementor-image-box-content\"><h5 class=\"elementor-image-box-title\">Forbedring af medarbejdernes velbefindende<\/h5><p class=\"elementor-image-box-description\"><p>Platformens wellness-programmer og -ressourcer gav medarbejderne mulighed for at prioritere deres sundhed og velbefindende. Tilg\u00e6ngelige ressourcer til mental sundhed, fitnessudfordringer og mindfulness-sessioner fremmede en kultur med holistisk velv\u00e6re. Medarbejderne rapporterede, at de f\u00f8lte sig st\u00f8ttet, hvilket f\u00f8rte til \u00f8get moral og et positivt arbejdsmilj\u00f8.  <\/p><\/p><\/div><\/div>\t\t<\/div>\n\t\t\t\t<\/div>\n\t\t\t\t<div class=\"elementor-element elementor-element-9b7d5ce elementor-widget elementor-widget-image-box\" data-id=\"9b7d5ce\" data-element_type=\"widget\" data-widget_type=\"image-box.default\">\n\t\t\t\t<div class=\"elementor-widget-container\">\n\t\t\t<div class=\"elementor-image-box-wrapper\"><div class=\"elementor-image-box-content\"><h5 class=\"elementor-image-box-title\">Kvantificerbare resultater<\/h5><p class=\"elementor-image-box-description\"><ul style=\"list-style:none;padding:0;line-height: 30px;\">\n<li><img decoding=\"async\" src=\"http:\/\/myworkplaceapp.aioh.io\/wp-content\/uploads\/2024\/03\/list-icon.svg\">  HR-medarbejdere rapporterede en reduktion p\u00e5 30% i den tid, de brugte p\u00e5 administrative opgaver.  <\/li>\n<li><img decoding=\"async\" src=\"http:\/\/myworkplaceapp.aioh.io\/wp-content\/uploads\/2024\/03\/list-icon.svg\">  Unders\u00f8gelser af medarbejdernes engagement viste en stigning p\u00e5 25 % i den generelle tilfredshed og engagement.  <\/li>\n<li><img decoding=\"async\" src=\"http:\/\/myworkplaceapp.aioh.io\/wp-content\/uploads\/2024\/03\/list-icon.svg\">  Frav\u00e6ret faldt med 20 %, hvilket tyder p\u00e5 bedre trivsel og jobtilfredshed blandt medarbejderne.  <\/li>\n<\/ul><\/p><\/div><\/div>\t\t<\/div>\n\t\t\t\t<\/div>\n\t\t\t\t\t<\/div>\n\t\t\t\t<\/div>\n\t\t\t\t<\/div>\n\t\t\t\t<\/div>\n\t\t<div class=\"elementor-element elementor-element-b9b0cc3 e-con-full e-flex e-con e-parent\" data-id=\"b9b0cc3\" data-element_type=\"container\" data-settings=\"{&quot;background_background&quot;:&quot;classic&quot;}\" data-core-v316-plus=\"true\">\n\t\t<div class=\"elementor-element elementor-element-6a18421 e-con-full e-flex e-con e-child\" data-id=\"6a18421\" data-element_type=\"container\">\n\t\t<div class=\"elementor-element elementor-element-f261844 e-flex e-con-boxed e-con e-child\" data-id=\"f261844\" data-element_type=\"container\">\n\t\t\t\t\t<div class=\"e-con-inner\">\n\t\t\t\t<div class=\"elementor-element elementor-element-9891b77 elementor-widget elementor-widget-text-editor\" data-id=\"9891b77\" data-element_type=\"widget\" data-widget_type=\"text-editor.default\">\n\t\t\t\t<div class=\"elementor-widget-container\">\n\t\t\t<style>\/*! elementor - v3.20.0 - 11-03-2024 *\/\n.elementor-widget-text-editor.elementor-drop-cap-view-stacked .elementor-drop-cap{background-color:#69727d;color:#fff}.elementor-widget-text-editor.elementor-drop-cap-view-framed .elementor-drop-cap{color:#69727d;border:3px solid;background-color:transparent}.elementor-widget-text-editor:not(.elementor-drop-cap-view-default) .elementor-drop-cap{margin-top:8px}.elementor-widget-text-editor:not(.elementor-drop-cap-view-default) .elementor-drop-cap-letter{width:1em;height:1em}.elementor-widget-text-editor .elementor-drop-cap{float:left;text-align:center;line-height:1;font-size:50px}.elementor-widget-text-editor .elementor-drop-cap-letter{display:inline-block}<\/style>\t\t\t\t&#8220;Implementeringen af My Workplace har v\u00e6ret transformerende for vores organisation. Det har str\u00f8mlinet vores HR-processer og sparet os for v\u00e6rdifuld tid og ressourcer. Platformens fokus p\u00e5 medarbejdernes velbefindende har skabt et positivt arbejdsmilj\u00f8, hvilket har resulteret i h\u00f8jere engagement og produktivitet over hele linjen.&#8221;\t\t\t\t\t\t<\/div>\n\t\t\t\t<\/div>\n\t\t\t\t<div class=\"elementor-element elementor-element-fbd4204 elementor-position-left elementor-vertical-align-middle elementor-widget elementor-widget-image-box\" data-id=\"fbd4204\" data-element_type=\"widget\" data-widget_type=\"image-box.default\">\n\t\t\t\t<div class=\"elementor-widget-container\">\n\t\t\t<div class=\"elementor-image-box-wrapper\"><figure class=\"elementor-image-box-img\"><img decoding=\"async\" width=\"48\" height=\"49\" src=\"https:\/\/www.myworkplaceapp.aioh.io\/wp-content\/uploads\/2024\/04\/Olivia.png\" class=\"attachment-full size-full wp-image-8075\" alt=\"\" \/><\/figure><div class=\"elementor-image-box-content\"><h3 class=\"elementor-image-box-title\">Olivia Rhye<\/h3><p class=\"elementor-image-box-description\">HR-chef<\/p><\/div><\/div>\t\t<\/div>\n\t\t\t\t<\/div>\n\t\t\t\t\t<\/div>\n\t\t\t\t<\/div>\n\t\t\t\t<\/div>\n\t\t\t\t<\/div>\n\t\t<div class=\"elementor-element elementor-element-b8c7c5c e-con-full e-flex e-con e-parent\" data-id=\"b8c7c5c\" data-element_type=\"container\" data-settings=\"{&quot;background_background&quot;:&quot;classic&quot;}\" data-core-v316-plus=\"true\">\n\t\t<div class=\"elementor-element elementor-element-acb0a94 e-con-full e-flex e-con e-child\" data-id=\"acb0a94\" data-element_type=\"container\" data-settings=\"{&quot;background_background&quot;:&quot;classic&quot;}\">\n\t\t<div class=\"elementor-element elementor-element-1e6bf41 e-flex e-con-boxed e-con e-child\" data-id=\"1e6bf41\" data-element_type=\"container\">\n\t\t\t\t\t<div class=\"e-con-inner\">\n\t\t\t\t<div class=\"elementor-element elementor-element-7ae71d9 elementor-widget elementor-widget-image-box\" data-id=\"7ae71d9\" data-element_type=\"widget\" data-widget_type=\"image-box.default\">\n\t\t\t\t<div class=\"elementor-widget-container\">\n\t\t\t<div class=\"elementor-image-box-wrapper\"><div class=\"elementor-image-box-content\"><h6 class=\"elementor-image-box-title\">Konklusion<\/h6><p class=\"elementor-image-box-description\"><p>My Workplace's implementering hos UMENIT Solutions LLP er et eksempel p\u00e5, hvordan en holistisk tilgang til HR og sundhedstjenester kan revolutionere en organisations effektivitet og samtidig fremme medarbejdernes trivsel. Ved at udnytte denne integrerede platform sparede UMENIT ikke kun tid og blev mere effektiv, men skabte ogs\u00e5 en arbejdsplads, hvor medarbejderne f\u00f8lte sig st\u00f8ttet, engageret og v\u00e6rdsat.<\/p><\/p><\/div><\/div>\t\t<\/div>\n\t\t\t\t<\/div>\n\t\t\t\t\t<\/div>\n\t\t\t\t<\/div>\n\t\t\t\t<\/div>\n\t\t\t\t<\/div>\n\t\t\t\t<\/div>\n\t\t","protected":false},"excerpt":{"rendered":"<p>CASE STUDIES S\u00e5dan tranformerede MyWorkplace medarbejdernes trivsel hos UMENIT Solutions LLP Introduktion I det skiftende landskab af moderne arbejdspladser s\u00f8ger organisationer [&hellip;]<\/p>\n","protected":false},"author":1,"featured_media":0,"parent":0,"menu_order":0,"comment_status":"closed","ping_status":"closed","template":"elementor_header_footer","meta":{"footnotes":""},"rttpg_featured_image_url":null,"rttpg_author":{"display_name":"user","author_link":"https:\/\/www.myworkplaceapp.aioh.io\/da\/author\/user\/"},"rttpg_comment":0,"rttpg_category":" <a href=\"https:\/\/www.myworkplaceapp.aioh.io\/da\/?taxonomy=translation_priority&#038;term=optional-da\" rel=\"tag\">Optional<\/a>","rttpg_excerpt":"CASE STUDIES S\u00e5dan tranformerede MyWorkplace medarbejdernes trivsel hos UMENIT Solutions LLP Introduktion I det skiftende landskab af moderne arbejdspladser s\u00f8ger organisationer [&hellip;]","_links":{"self":[{"href":"https:\/\/www.myworkplaceapp.aioh.io\/da\/wp-json\/wp\/v2\/pages\/8890"}],"collection":[{"href":"https:\/\/www.myworkplaceapp.aioh.io\/da\/wp-json\/wp\/v2\/pages"}],"about":[{"href":"https:\/\/www.myworkplaceapp.aioh.io\/da\/wp-json\/wp\/v2\/types\/page"}],"author":[{"embeddable":true,"href":"https:\/\/www.myworkplaceapp.aioh.io\/da\/wp-json\/wp\/v2\/users\/1"}],"replies":[{"embeddable":true,"href":"https:\/\/www.myworkplaceapp.aioh.io\/da\/wp-json\/wp\/v2\/comments?post=8890"}],"version-history":[{"count":27,"href":"https:\/\/www.myworkplaceapp.aioh.io\/da\/wp-json\/wp\/v2\/pages\/8890\/revisions"}],"predecessor-version":[{"id":17534,"href":"https:\/\/www.myworkplaceapp.aioh.io\/da\/wp-json\/wp\/v2\/pages\/8890\/revisions\/17534"}],"wp:attachment":[{"href":"https:\/\/www.myworkplaceapp.aioh.io\/da\/wp-json\/wp\/v2\/media?parent=8890"}],"curies":[{"name":"wp","href":"https:\/\/api.w.org\/{rel}","templated":true}]}}