{"id":8911,"date":"2024-04-10T16:50:21","date_gmt":"2024-04-10T16:50:21","guid":{"rendered":"https:\/\/myworkplace.aioh.io\/calendly\/"},"modified":"2024-07-15T09:29:55","modified_gmt":"2024-07-15T09:29:55","slug":"calendly","status":"publish","type":"page","link":"https:\/\/www.myworkplaceapp.aioh.io\/da\/calendly\/","title":{"rendered":"Calendly"},"content":{"rendered":"\t\t<div data-elementor-type=\"wp-page\" data-elementor-id=\"8911\" class=\"elementor elementor-8911 elementor-7918\">\n\t\t\t\t<div class=\"elementor-element elementor-element-88ec468 e-con-full e-flex e-con e-parent\" data-id=\"88ec468\" data-element_type=\"container\" data-settings=\"{&quot;background_background&quot;:&quot;classic&quot;}\" data-core-v316-plus=\"true\">\n\t\t<div class=\"elementor-element elementor-element-2c48c9a e-flex e-con-boxed e-con e-child\" data-id=\"2c48c9a\" data-element_type=\"container\">\n\t\t\t\t\t<div class=\"e-con-inner\">\n\t\t\t\t<div class=\"elementor-element elementor-element-47ba133 elementor-widget elementor-widget-heading\" data-id=\"47ba133\" data-element_type=\"widget\" data-widget_type=\"heading.default\">\n\t\t\t\t<div class=\"elementor-widget-container\">\n\t\t\t<style>\/*! elementor - v3.20.0 - 11-03-2024 *\/\n.elementor-heading-title{padding:0;margin:0;line-height:1}.elementor-widget-heading .elementor-heading-title[class*=elementor-size-]>a{color:inherit;font-size:inherit;line-height:inherit}.elementor-widget-heading .elementor-heading-title.elementor-size-small{font-size:15px}.elementor-widget-heading .elementor-heading-title.elementor-size-medium{font-size:19px}.elementor-widget-heading .elementor-heading-title.elementor-size-large{font-size:29px}.elementor-widget-heading .elementor-heading-title.elementor-size-xl{font-size:39px}.elementor-widget-heading .elementor-heading-title.elementor-size-xxl{font-size:59px}<\/style><h2 class=\"elementor-heading-title elementor-size-default\">Lad os tage et uforpligtende online m\u00f8de<\/h2>\t\t<\/div>\n\t\t\t\t<\/div>\n\t\t\t\t<div class=\"elementor-element elementor-element-c15014e elementor-widget elementor-widget-text-editor\" data-id=\"c15014e\" data-element_type=\"widget\" data-widget_type=\"text-editor.default\">\n\t\t\t\t<div class=\"elementor-widget-container\">\n\t\t\t<style>\/*! elementor - v3.20.0 - 11-03-2024 *\/\n.elementor-widget-text-editor.elementor-drop-cap-view-stacked .elementor-drop-cap{background-color:#69727d;color:#fff}.elementor-widget-text-editor.elementor-drop-cap-view-framed .elementor-drop-cap{color:#69727d;border:3px solid;background-color:transparent}.elementor-widget-text-editor:not(.elementor-drop-cap-view-default) .elementor-drop-cap{margin-top:8px}.elementor-widget-text-editor:not(.elementor-drop-cap-view-default) .elementor-drop-cap-letter{width:1em;height:1em}.elementor-widget-text-editor .elementor-drop-cap{float:left;text-align:center;line-height:1;font-size:50px}.elementor-widget-text-editor .elementor-drop-cap-letter{display:inline-block}<\/style>\t\t\t\t<p>I mere end 15 \u00e5r har vi arbejdet praktisk i krydsfeltet mellem HR, ledelse og medarbejdernes sundhed og trivsel. Vi kender virkeligheden p\u00e5 moderne arbejdspladser, og vi forst\u00e5r de udfordringer, som HR-ledere kan st\u00e5 over for. Vi ved, at HR ikke altid er det nemmeste, og vi er her for at hj\u00e6lpe.<\/p>\t\t\t\t\t\t<\/div>\n\t\t\t\t<\/div>\n\t\t\t\t<div class=\"elementor-element elementor-element-33e452a ul_remove elementor-widget elementor-widget-text-editor\" data-id=\"33e452a\" data-element_type=\"widget\" data-widget_type=\"text-editor.default\">\n\t\t\t\t<div class=\"elementor-widget-container\">\n\t\t\t\t\t\t\t<p><b>P\u00e5 m\u00f8det vil vi<\/b>:<\/p><ul><li><img decoding=\"async\" src=\"http:\/\/myworkplaceapp.aioh.io\/wp-content\/uploads\/2024\/03\/list-icon.svg\" \/>\u00a0H\u00f8re n\u00e6rmere om, hvad din virksomhed st\u00e5r over for og leder efter.<\/li><li><img decoding=\"async\" src=\"http:\/\/myworkplaceapp.aioh.io\/wp-content\/uploads\/2024\/03\/list-icon.svg\" \/>\u00a0Fort\u00e6lle hvordan MyWorkplace m\u00e5ske kan l\u00f8se det.<\/li><li><img decoding=\"async\" src=\"http:\/\/myworkplaceapp.aioh.io\/wp-content\/uploads\/2024\/03\/list-icon.svg\" \/>Forklare, hvordan din virksomhed let kan komme i gang og tage det med sm\u00e5 skridt.<\/li><\/ul>\t\t\t\t\t\t<\/div>\n\t\t\t\t<\/div>\n\t\t\t\t\t<\/div>\n\t\t\t\t<\/div>\n\t\t<div class=\"elementor-element elementor-element-c7b01af e-flex e-con-boxed e-con e-child\" data-id=\"c7b01af\" data-element_type=\"container\" data-settings=\"{&quot;background_background&quot;:&quot;classic&quot;}\">\n\t\t\t\t\t<div class=\"e-con-inner\">\n\t\t\t\t<div class=\"elementor-element elementor-element-c112f16 elementor-widget elementor-widget-text-editor\" data-id=\"c112f16\" data-element_type=\"widget\" data-widget_type=\"text-editor.default\">\n\t\t\t\t<div class=\"elementor-widget-container\">\n\t\t\t\t\t\t\t<div class=\"calendly-inline-widget\" style=\"min-width: 320px; height: 700px;\" data-url=\"https:\/\/calendly.com\/sales-k9f6\/skab-en-glad-arbejdsplads-med-myworkplace-clone?hide_event_type_details=1&amp;hide_gdpr_banner=1&amp;background_color=285a55&amp;text_color=ffffff&amp;primary_color=73c7a9\"><\/div>\n<script type=\"text\/javascript\" src=\"https:\/\/assets.calendly.com\/assets\/external\/widget.js\" async><\/script>\t\t\t\t\t\t<\/div>\n\t\t\t\t<\/div>\n\t\t\t\t\t<\/div>\n\t\t\t\t<\/div>\n\t\t\t\t<\/div>\n\t\t\t\t<\/div>\n\t\t","protected":false},"excerpt":{"rendered":"<p>Lad os tage et uforpligtende online m\u00f8de I mere end 15 \u00e5r har vi arbejdet praktisk i krydsfeltet mellem HR, ledelse [&hellip;]<\/p>\n","protected":false},"author":1,"featured_media":0,"parent":0,"menu_order":0,"comment_status":"closed","ping_status":"closed","template":"elementor_header_footer","meta":{"footnotes":""},"rttpg_featured_image_url":null,"rttpg_author":{"display_name":"user","author_link":"https:\/\/www.myworkplaceapp.aioh.io\/da\/author\/user\/"},"rttpg_comment":0,"rttpg_category":" <a href=\"https:\/\/www.myworkplaceapp.aioh.io\/da\/?taxonomy=translation_priority&#038;term=optional-da\" rel=\"tag\">Optional<\/a>","rttpg_excerpt":"Lad os tage et uforpligtende online m\u00f8de I mere end 15 \u00e5r har vi arbejdet praktisk i krydsfeltet mellem HR, ledelse [&hellip;]","_links":{"self":[{"href":"https:\/\/www.myworkplaceapp.aioh.io\/da\/wp-json\/wp\/v2\/pages\/8911"}],"collection":[{"href":"https:\/\/www.myworkplaceapp.aioh.io\/da\/wp-json\/wp\/v2\/pages"}],"about":[{"href":"https:\/\/www.myworkplaceapp.aioh.io\/da\/wp-json\/wp\/v2\/types\/page"}],"author":[{"embeddable":true,"href":"https:\/\/www.myworkplaceapp.aioh.io\/da\/wp-json\/wp\/v2\/users\/1"}],"replies":[{"embeddable":true,"href":"https:\/\/www.myworkplaceapp.aioh.io\/da\/wp-json\/wp\/v2\/comments?post=8911"}],"version-history":[{"count":38,"href":"https:\/\/www.myworkplaceapp.aioh.io\/da\/wp-json\/wp\/v2\/pages\/8911\/revisions"}],"predecessor-version":[{"id":16201,"href":"https:\/\/www.myworkplaceapp.aioh.io\/da\/wp-json\/wp\/v2\/pages\/8911\/revisions\/16201"}],"wp:attachment":[{"href":"https:\/\/www.myworkplaceapp.aioh.io\/da\/wp-json\/wp\/v2\/media?parent=8911"}],"curies":[{"name":"wp","href":"https:\/\/api.w.org\/{rel}","templated":true}]}}