{"id":8929,"date":"2024-04-05T14:44:18","date_gmt":"2024-04-05T14:44:18","guid":{"rendered":"https:\/\/myworkplace.aioh.io\/tendenser-og-indsigt\/"},"modified":"2024-11-14T11:21:57","modified_gmt":"2024-11-14T11:21:57","slug":"tendenser-og-indsigt","status":"publish","type":"page","link":"https:\/\/www.myworkplaceapp.aioh.io\/da\/tendenser-og-indsigt\/","title":{"rendered":"Tendenser og indsigt"},"content":{"rendered":"\t\t<div data-elementor-type=\"wp-page\" data-elementor-id=\"8929\" class=\"elementor elementor-8929 elementor-7763\">\n\t\t\t\t<div class=\"elementor-element elementor-element-7a2b50a e-con-full padding_2100 e-flex e-con e-parent\" data-id=\"7a2b50a\" data-element_type=\"container\" data-settings=\"{&quot;background_background&quot;:&quot;classic&quot;}\" data-core-v316-plus=\"true\">\n\t\t<div class=\"elementor-element elementor-element-e6e4ab4 econinner e-flex e-con-boxed e-con e-child\" data-id=\"e6e4ab4\" data-element_type=\"container\">\n\t\t\t\t\t<div class=\"e-con-inner\">\n\t\t\t\t<div class=\"elementor-element elementor-element-83278a3 elementor-widget elementor-widget-heading\" data-id=\"83278a3\" data-element_type=\"widget\" data-widget_type=\"heading.default\">\n\t\t\t\t<div class=\"elementor-widget-container\">\n\t\t\t<style>\/*! elementor - v3.20.0 - 11-03-2024 *\/\n.elementor-heading-title{padding:0;margin:0;line-height:1}.elementor-widget-heading .elementor-heading-title[class*=elementor-size-]>a{color:inherit;font-size:inherit;line-height:inherit}.elementor-widget-heading .elementor-heading-title.elementor-size-small{font-size:15px}.elementor-widget-heading .elementor-heading-title.elementor-size-medium{font-size:19px}.elementor-widget-heading .elementor-heading-title.elementor-size-large{font-size:29px}.elementor-widget-heading .elementor-heading-title.elementor-size-xl{font-size:39px}.elementor-widget-heading .elementor-heading-title.elementor-size-xxl{font-size:59px}<\/style><h6 class=\"elementor-heading-title elementor-size-default\">Indsigt<\/h6>\t\t<\/div>\n\t\t\t\t<\/div>\n\t\t\t\t<div class=\"elementor-element elementor-element-4cdc105 elementor-widget elementor-widget-heading\" data-id=\"4cdc105\" data-element_type=\"widget\" data-widget_type=\"heading.default\">\n\t\t\t\t<div class=\"elementor-widget-container\">\n\t\t\t<h2 class=\"elementor-heading-title elementor-size-default\">Emne hvordan \u00f8ger min arbejdsplads kommunikation og effektivitet for at <span class=\"change_color\">f\u00e5 succes p\u00e5 arbejdspladsen?<\/span><\/h2>\t\t<\/div>\n\t\t\t\t<\/div>\n\t\t\t\t<div class=\"elementor-element elementor-element-58fc632 elementor-widget elementor-widget-text-editor\" data-id=\"58fc632\" data-element_type=\"widget\" data-widget_type=\"text-editor.default\">\n\t\t\t\t<div class=\"elementor-widget-container\">\n\t\t\t<style>\/*! elementor - v3.20.0 - 11-03-2024 *\/\n.elementor-widget-text-editor.elementor-drop-cap-view-stacked .elementor-drop-cap{background-color:#69727d;color:#fff}.elementor-widget-text-editor.elementor-drop-cap-view-framed .elementor-drop-cap{color:#69727d;border:3px solid;background-color:transparent}.elementor-widget-text-editor:not(.elementor-drop-cap-view-default) .elementor-drop-cap{margin-top:8px}.elementor-widget-text-editor:not(.elementor-drop-cap-view-default) .elementor-drop-cap-letter{width:1em;height:1em}.elementor-widget-text-editor .elementor-drop-cap{float:left;text-align:center;line-height:1;font-size:50px}.elementor-widget-text-editor .elementor-drop-cap-letter{display:inline-block}<\/style>\t\t\t\t<p>I nutidens hurtige arbejdsmilj\u00f8 er effektiv kommunikation og problemfri drift afg\u00f8rende for succes. Kom ind i My Workplace (MWP), et innovativt v\u00e6rkt\u00f8j, der \u00e6ndrer den m\u00e5de, virksomheder kommunikerer og fungerer p\u00e5, og i sidste ende \u00f8ger produktivitet og succes. Lad os se n\u00e6rmere p\u00e5, hvordan MWP udm\u00e6rker sig ved at g\u00f8re arbejdspladser mere effektive og forbundne.  <\/p>\n\t\t\t\t\t\t<\/div>\n\t\t\t\t<\/div>\n\t\t\t\t\t<\/div>\n\t\t\t\t<\/div>\n\t\t<div class=\"elementor-element elementor-element-b8404c4 e-flex e-con-boxed e-con e-child\" data-id=\"b8404c4\" data-element_type=\"container\">\n\t\t\t\t\t<div class=\"e-con-inner\">\n\t\t\t\t<div class=\"elementor-element elementor-element-32278ad elementor-hidden-desktop elementor-hidden-tablet elementor-widget elementor-widget-image\" data-id=\"32278ad\" data-element_type=\"widget\" data-widget_type=\"image.default\">\n\t\t\t\t<div class=\"elementor-widget-container\">\n\t\t\t<style>\/*! elementor - v3.20.0 - 11-03-2024 *\/\n.elementor-widget-image{text-align:center}.elementor-widget-image a{display:inline-block}.elementor-widget-image a img[src$=\".svg\"]{width:48px}.elementor-widget-image img{vertical-align:middle;display:inline-block}<\/style>\t\t\t\t\t\t\t\t\t\t<img fetchpriority=\"high\" decoding=\"async\" width=\"826\" height=\"598\" src=\"https:\/\/www.myworkplaceapp.aioh.io\/wp-content\/uploads\/2024\/03\/Solution_Banner.png\" class=\"attachment-full size-full wp-image-8782\" alt=\"\" \/>\t\t\t\t\t\t\t\t\t\t\t\t\t<\/div>\n\t\t\t\t<\/div>\n\t\t\t\t\t<\/div>\n\t\t\t\t<\/div>\n\t\t\t\t<\/div>\n\t\t<div class=\"elementor-element elementor-element-83d7319 e-con-full e-flex e-con e-parent\" data-id=\"83d7319\" data-element_type=\"container\" data-settings=\"{&quot;background_background&quot;:&quot;classic&quot;}\" data-core-v316-plus=\"true\">\n\t\t<div class=\"elementor-element elementor-element-1579190 e-con-full e-flex e-con e-child\" data-id=\"1579190\" data-element_type=\"container\">\n\t\t<div class=\"elementor-element elementor-element-8c1f263 e-flex e-con-boxed e-con e-child\" data-id=\"8c1f263\" data-element_type=\"container\">\n\t\t\t\t\t<div class=\"e-con-inner\">\n\t\t\t\t<div class=\"elementor-element elementor-element-e29af7e elementor-widget elementor-widget-image-box\" data-id=\"e29af7e\" data-element_type=\"widget\" data-widget_type=\"image-box.default\">\n\t\t\t\t<div class=\"elementor-widget-container\">\n\t\t\t<style>\/*! elementor - v3.20.0 - 11-03-2024 *\/\n.elementor-widget-image-box .elementor-image-box-content{width:100%}@media (min-width:768px){.elementor-widget-image-box.elementor-position-left .elementor-image-box-wrapper,.elementor-widget-image-box.elementor-position-right .elementor-image-box-wrapper{display:flex}.elementor-widget-image-box.elementor-position-right .elementor-image-box-wrapper{text-align:right;flex-direction:row-reverse}.elementor-widget-image-box.elementor-position-left .elementor-image-box-wrapper{text-align:left;flex-direction:row}.elementor-widget-image-box.elementor-position-top .elementor-image-box-img{margin:auto}.elementor-widget-image-box.elementor-vertical-align-top .elementor-image-box-wrapper{align-items:flex-start}.elementor-widget-image-box.elementor-vertical-align-middle .elementor-image-box-wrapper{align-items:center}.elementor-widget-image-box.elementor-vertical-align-bottom .elementor-image-box-wrapper{align-items:flex-end}}@media (max-width:767px){.elementor-widget-image-box .elementor-image-box-img{margin-left:auto!important;margin-right:auto!important;margin-bottom:15px}}.elementor-widget-image-box .elementor-image-box-img{display:inline-block}.elementor-widget-image-box .elementor-image-box-title a{color:inherit}.elementor-widget-image-box .elementor-image-box-wrapper{text-align:center}.elementor-widget-image-box .elementor-image-box-description{margin:0}<\/style><div class=\"elementor-image-box-wrapper\"><div class=\"elementor-image-box-content\"><h5 class=\"elementor-image-box-title\">One-stop kommunikationshub<\/h5><p class=\"elementor-image-box-description\"><p>MWP forenkler kommunikationen ved at samle alle team interaktioner under \u00e9t tag. Med funktioner som instant messaging, teamchat og notifikationer kan teams nemt dele opdateringer og vigtige oplysninger. Det str\u00f8mliner kommunikationen og sikrer, at alle er p\u00e5 samme side uden besv\u00e6ret med flere platforme.  <\/p><\/p><\/div><\/div>\t\t<\/div>\n\t\t\t\t<\/div>\n\t\t\t\t<div class=\"elementor-element elementor-element-1fa0bc9 elementor-widget elementor-widget-image-box\" data-id=\"1fa0bc9\" data-element_type=\"widget\" data-widget_type=\"image-box.default\">\n\t\t\t\t<div class=\"elementor-widget-container\">\n\t\t\t<div class=\"elementor-image-box-wrapper\"><div class=\"elementor-image-box-content\"><h5 class=\"elementor-image-box-title\">\u00d8jeblikkelige opdateringer og nyheder<\/h5><p class=\"elementor-image-box-description\"><p>Hold dig opdateret med MWP's kuraterede omr\u00e5der for interne nyheder. Det holder dig ikke kun informeret om virksomhedens begivenheder, men fremmer ogs\u00e5 gennemsigtigheden. Nyhedsformidling i realtid sikrer, at du altid er informeret, hvilket skaber en f\u00f8lelse af tilh\u00f8rsforhold og overensstemmelse med virksomhedens m\u00e5l.  <\/p><\/p><\/div><\/div>\t\t<\/div>\n\t\t\t\t<\/div>\n\t\t\t\t<div class=\"elementor-element elementor-element-6be3bcf elementor-widget elementor-widget-image-box\" data-id=\"6be3bcf\" data-element_type=\"widget\" data-widget_type=\"image-box.default\">\n\t\t\t\t<div class=\"elementor-widget-container\">\n\t\t\t<div class=\"elementor-image-box-wrapper\"><div class=\"elementor-image-box-content\"><h5 class=\"elementor-image-box-title\">Ubesv\u00e6ret check-in af arbejdsstatus<\/h5><p class=\"elementor-image-box-description\"><p>MWP introducerer et brugervenligt v\u00e6rkt\u00f8j til opdatering af arbejdsstatus og registrering af timer. Det hj\u00e6lper ikke kun med at holde styr p\u00e5 teamets tilg\u00e6ngelighed, men hj\u00e6lper ogs\u00e5 med projektledelse ved at give indsigt i arbejdets fremskridt. Det fremmer ansvarlighed og str\u00f8mliner koordineringen mellem teammedlemmerne.  <\/p><\/p><\/div><\/div>\t\t<\/div>\n\t\t\t\t<\/div>\n\t\t\t\t<div class=\"elementor-element elementor-element-220d7f7 elementor-widget elementor-widget-image-box\" data-id=\"220d7f7\" data-element_type=\"widget\" data-widget_type=\"image-box.default\">\n\t\t\t\t<div class=\"elementor-widget-container\">\n\t\t\t<div class=\"elementor-image-box-wrapper\"><div class=\"elementor-image-box-content\"><h5 class=\"elementor-image-box-title\">Teamsamarbejde og chat<\/h5><p class=\"elementor-image-box-description\"><p>Samarbejde er kernen i MWP's strategi. Teamchat-funktionen muligg\u00f8r \u00f8jeblikkelig kommunikation, hvilket g\u00f8r det nemt at diskutere projekter og dele ideer. Det skaber kammeratskab og sikrer, at information flyder frit i organisationen.  <\/p><\/p><\/div><\/div>\t\t<\/div>\n\t\t\t\t<\/div>\n\t\t\t\t<div class=\"elementor-element elementor-element-58f31c4 elementor-widget elementor-widget-image-box\" data-id=\"58f31c4\" data-element_type=\"widget\" data-widget_type=\"image-box.default\">\n\t\t\t\t<div class=\"elementor-widget-container\">\n\t\t\t<div class=\"elementor-image-box-wrapper\"><div class=\"elementor-image-box-content\"><h5 class=\"elementor-image-box-title\">Brugervenligt katalog over HR-tjenester<\/h5><p class=\"elementor-image-box-description\"><p>  Det er nemt at finde HR-information med MWP's omfattende katalog. Fra politikker til vigtige ressourcer kan medarbejderne nemt finde vigtige oplysninger. Det sparer ikke kun tid, men giver ogs\u00e5 medarbejderne mulighed for at tage kontrol over deres professionelle rejse.<\/p><\/p><\/div><\/div>\t\t<\/div>\n\t\t\t\t<\/div>\n\t\t\t\t<div class=\"elementor-element elementor-element-e04f09b elementor-widget elementor-widget-image-box\" data-id=\"e04f09b\" data-element_type=\"widget\" data-widget_type=\"image-box.default\">\n\t\t\t\t<div class=\"elementor-widget-container\">\n\t\t\t<div class=\"elementor-image-box-wrapper\"><div class=\"elementor-image-box-content\"><h5 class=\"elementor-image-box-title\">Effektivitet med automatisering<\/h5><p class=\"elementor-image-box-description\"><p>  MWP g\u00e5r videre end kommunikation for at \u00f8ge den operationelle effektivitet. Automatisering af onboarding, offboarding og feedback-loops str\u00f8mliner opgaverne, s\u00e5 medarbejderne kan fokusere p\u00e5 aktiviteter af h\u00f8j v\u00e6rdi og bidrage mere effektivt.  <\/p><\/p><\/div><\/div>\t\t<\/div>\n\t\t\t\t<\/div>\n\t\t\t\t<div class=\"elementor-element elementor-element-73e0c18 elementor-widget elementor-widget-image-box\" data-id=\"73e0c18\" data-element_type=\"widget\" data-widget_type=\"image-box.default\">\n\t\t\t\t<div class=\"elementor-widget-container\">\n\t\t\t<div class=\"elementor-image-box-wrapper\"><div class=\"elementor-image-box-content\"><h5 class=\"elementor-image-box-title\">Proaktiv m\u00e5ling af engagement<\/h5><p class=\"elementor-image-box-description\"><p>Det er afg\u00f8rende at forst\u00e5 medarbejdernes engagement. MWP's engagement pulsing-v\u00e6rkt\u00f8j m\u00e5ler og analyserer engagementniveauer og giver ledelsen handlingsorienteret indsigt. Denne proaktive tilgang fremmer et positivt og produktivt arbejdsmilj\u00f8.  <\/p><\/p><\/div><\/div>\t\t<\/div>\n\t\t\t\t<\/div>\n\t\t\t\t<div class=\"elementor-element elementor-element-c5014bc elementor-widget elementor-widget-image-box\" data-id=\"c5014bc\" data-element_type=\"widget\" data-widget_type=\"image-box.default\">\n\t\t\t\t<div class=\"elementor-widget-container\">\n\t\t\t<div class=\"elementor-image-box-wrapper\"><div class=\"elementor-image-box-content\"><h5 class=\"elementor-image-box-title\">Performance-sporing i realtid<\/h5><p class=\"elementor-image-box-description\"><p>Succes kr\u00e6ver en klar forst\u00e5else af performance. MWP's dashboard til sporing af pr\u00e6stationer giver indsigt i n\u00f8gletal i realtid. Ledere kan spore fremskridt, identificere omr\u00e5der, der kan forbedres, og fejre resultater og skabe en datadrevet kultur, der driver organisationen fremad.  <\/p>\n<p>Konklusionen er, at My Workplace er en transformativ l\u00f8sning, der l\u00f8fter kommunikation og effektivitet. Ved at konsolidere kommunikationen, levere opdateringer i realtid, fremme samarbejde, str\u00f8mline HR-tjenester, omfavne automatisering og fremme proaktivt engagement skaber MWP et milj\u00f8, hvor succes er standarden. N\u00e5r organisationer navigerer i kompleksiteten p\u00e5 den moderne arbejdsplads, guider MWP dem mod forbedret kommunikation, operationel ekspertise og generel succes p\u00e5 arbejdspladsen.  <\/p><\/p><\/div><\/div>\t\t<\/div>\n\t\t\t\t<\/div>\n\t\t\t\t\t<\/div>\n\t\t\t\t<\/div>\n\t\t\t\t<\/div>\n\t\t\t\t<\/div>\n\t\t\t\t<\/div>\n\t\t","protected":false},"excerpt":{"rendered":"<p>Indsigt Emne hvordan \u00f8ger min arbejdsplads kommunikation og effektivitet for at f\u00e5 succes p\u00e5 arbejdspladsen? I nutidens hurtige arbejdsmilj\u00f8 er effektiv [&hellip;]<\/p>\n","protected":false},"author":1,"featured_media":0,"parent":0,"menu_order":0,"comment_status":"closed","ping_status":"closed","template":"elementor_header_footer","meta":{"footnotes":""},"rttpg_featured_image_url":null,"rttpg_author":{"display_name":"user","author_link":"https:\/\/www.myworkplaceapp.aioh.io\/da\/author\/user\/"},"rttpg_comment":0,"rttpg_category":" <a href=\"https:\/\/www.myworkplaceapp.aioh.io\/da\/?taxonomy=translation_priority&#038;term=optional-da\" rel=\"tag\">Optional<\/a>","rttpg_excerpt":"Indsigt Emne hvordan \u00f8ger min arbejdsplads kommunikation og effektivitet for at f\u00e5 succes p\u00e5 arbejdspladsen? I nutidens hurtige arbejdsmilj\u00f8 er effektiv [&hellip;]","_links":{"self":[{"href":"https:\/\/www.myworkplaceapp.aioh.io\/da\/wp-json\/wp\/v2\/pages\/8929"}],"collection":[{"href":"https:\/\/www.myworkplaceapp.aioh.io\/da\/wp-json\/wp\/v2\/pages"}],"about":[{"href":"https:\/\/www.myworkplaceapp.aioh.io\/da\/wp-json\/wp\/v2\/types\/page"}],"author":[{"embeddable":true,"href":"https:\/\/www.myworkplaceapp.aioh.io\/da\/wp-json\/wp\/v2\/users\/1"}],"replies":[{"embeddable":true,"href":"https:\/\/www.myworkplaceapp.aioh.io\/da\/wp-json\/wp\/v2\/comments?post=8929"}],"version-history":[{"count":60,"href":"https:\/\/www.myworkplaceapp.aioh.io\/da\/wp-json\/wp\/v2\/pages\/8929\/revisions"}],"predecessor-version":[{"id":17531,"href":"https:\/\/www.myworkplaceapp.aioh.io\/da\/wp-json\/wp\/v2\/pages\/8929\/revisions\/17531"}],"wp:attachment":[{"href":"https:\/\/www.myworkplaceapp.aioh.io\/da\/wp-json\/wp\/v2\/media?parent=8929"}],"curies":[{"name":"wp","href":"https:\/\/api.w.org\/{rel}","templated":true}]}}