{"id":8938,"date":"2024-04-08T17:38:56","date_gmt":"2024-04-08T17:38:56","guid":{"rendered":"https:\/\/myworkplace.aioh.io\/kontakt-os\/"},"modified":"2024-11-14T11:35:38","modified_gmt":"2024-11-14T11:35:38","slug":"kontakt-os","status":"publish","type":"page","link":"https:\/\/www.myworkplaceapp.aioh.io\/da\/kontakt-os\/","title":{"rendered":"Kontakt os"},"content":{"rendered":"\t\t<div data-elementor-type=\"wp-page\" data-elementor-id=\"8938\" class=\"elementor elementor-8938 elementor-7874\">\n\t\t\t\t<div class=\"elementor-element elementor-element-f3a8efa e-con-full inner e-flex e-con e-parent\" data-id=\"f3a8efa\" data-element_type=\"container\" data-settings=\"{&quot;background_background&quot;:&quot;classic&quot;}\" data-core-v316-plus=\"true\">\n\t\t<div class=\"elementor-element elementor-element-d5a792e e-con-full e-flex e-con e-child\" data-id=\"d5a792e\" data-element_type=\"container\">\n\t\t\t\t<div class=\"elementor-element elementor-element-eb3b78c elementor-widget elementor-widget-heading\" data-id=\"eb3b78c\" data-element_type=\"widget\" data-widget_type=\"heading.default\">\n\t\t\t\t<div class=\"elementor-widget-container\">\n\t\t\t<style>\/*! elementor - v3.20.0 - 11-03-2024 *\/\n.elementor-heading-title{padding:0;margin:0;line-height:1}.elementor-widget-heading .elementor-heading-title[class*=elementor-size-]>a{color:inherit;font-size:inherit;line-height:inherit}.elementor-widget-heading .elementor-heading-title.elementor-size-small{font-size:15px}.elementor-widget-heading .elementor-heading-title.elementor-size-medium{font-size:19px}.elementor-widget-heading .elementor-heading-title.elementor-size-large{font-size:29px}.elementor-widget-heading .elementor-heading-title.elementor-size-xl{font-size:39px}.elementor-widget-heading .elementor-heading-title.elementor-size-xxl{font-size:59px}<\/style><h6 class=\"elementor-heading-title elementor-size-default\">Kontakt os<\/h6>\t\t<\/div>\n\t\t\t\t<\/div>\n\t\t\t\t<div class=\"elementor-element elementor-element-820d7f4 elementor-widget__width-initial elementor-widget elementor-widget-heading\" data-id=\"820d7f4\" data-element_type=\"widget\" data-widget_type=\"heading.default\">\n\t\t\t\t<div class=\"elementor-widget-container\">\n\t\t\t<h1 class=\"elementor-heading-title elementor-size-default\">Vi er en moderne <br>\n<span class=\"change_color\">\"employee journey experience\" <br>\n<\/span>platform<\/h1>\t\t<\/div>\n\t\t\t\t<\/div>\n\t\t\t\t<div class=\"elementor-element elementor-element-4374602 elementor-widget__width-initial elementor-widget elementor-widget-text-editor\" data-id=\"4374602\" data-element_type=\"widget\" data-widget_type=\"text-editor.default\">\n\t\t\t\t<div class=\"elementor-widget-container\">\n\t\t\t<style>\/*! elementor - v3.20.0 - 11-03-2024 *\/\n.elementor-widget-text-editor.elementor-drop-cap-view-stacked .elementor-drop-cap{background-color:#69727d;color:#fff}.elementor-widget-text-editor.elementor-drop-cap-view-framed .elementor-drop-cap{color:#69727d;border:3px solid;background-color:transparent}.elementor-widget-text-editor:not(.elementor-drop-cap-view-default) .elementor-drop-cap{margin-top:8px}.elementor-widget-text-editor:not(.elementor-drop-cap-view-default) .elementor-drop-cap-letter{width:1em;height:1em}.elementor-widget-text-editor .elementor-drop-cap{float:left;text-align:center;line-height:1;font-size:50px}.elementor-widget-text-editor .elementor-drop-cap-letter{display:inline-block}<\/style>\t\t\t\t<p><span style=\"vertical-align: inherit;\"><span class=\"\" style=\"vertical-align: inherit;\"><span style=\"vertical-align: inherit;\"><span style=\"vertical-align: inherit;\"><span style=\"vertical-align: inherit;\"><span style=\"vertical-align: inherit;\"><span style=\"vertical-align: inherit;\"><span style=\"vertical-align: inherit;\">Vi er en international virksomhed med dybe r\u00f8dder indenfor medarbejder sundhed, sikkerhed og arbejdsmilj\u00f8.&nbsp;<\/span><\/span><\/span><\/span><\/span><\/span><\/span><\/span><\/p>\n<p><span style=\"vertical-align: inherit;\"><span class=\"\" style=\"vertical-align: inherit;\"><span style=\"vertical-align: inherit;\"><span style=\"vertical-align: inherit;\"><span style=\"vertical-align: inherit;\"><span style=\"vertical-align: inherit;\"><span style=\"vertical-align: inherit;\"><span style=\"vertical-align: inherit;\">Vi har en mission om at g\u00f8re det enklere for sm\u00e5 og mellemstore virksomheder, at skabe en arbejdsplads medarbejderne elsker at v\u00e6re en del af og derved underst\u00f8tte virksomhedens b\u00e6redygtige v\u00e6kst og succes.&nbsp;<\/span><\/span><\/span><\/span><\/span><\/span><\/span><\/span><\/p>\t\t\t\t\t\t<\/div>\n\t\t\t\t<\/div>\n\t\t\t\t<\/div>\n\t\t\t\t<\/div>\n\t\t<div class=\"elementor-element elementor-element-8110872 address_position e-flex e-con-boxed e-con e-parent\" data-id=\"8110872\" data-element_type=\"container\" data-core-v316-plus=\"true\">\n\t\t\t\t\t<div class=\"e-con-inner\">\n\t\t<div class=\"elementor-element elementor-element-92b0faa e-flex e-con-boxed e-con e-child\" data-id=\"92b0faa\" data-element_type=\"container\">\n\t\t\t\t\t<div class=\"e-con-inner\">\n\t\t\t\t<div class=\"elementor-element elementor-element-4b0bbcb elementor-position-top elementor-widget elementor-widget-image-box\" data-id=\"4b0bbcb\" data-element_type=\"widget\" data-widget_type=\"image-box.default\">\n\t\t\t\t<div class=\"elementor-widget-container\">\n\t\t\t<style>\/*! elementor - v3.20.0 - 11-03-2024 *\/\n.elementor-widget-image-box .elementor-image-box-content{width:100%}@media (min-width:768px){.elementor-widget-image-box.elementor-position-left .elementor-image-box-wrapper,.elementor-widget-image-box.elementor-position-right .elementor-image-box-wrapper{display:flex}.elementor-widget-image-box.elementor-position-right .elementor-image-box-wrapper{text-align:right;flex-direction:row-reverse}.elementor-widget-image-box.elementor-position-left .elementor-image-box-wrapper{text-align:left;flex-direction:row}.elementor-widget-image-box.elementor-position-top .elementor-image-box-img{margin:auto}.elementor-widget-image-box.elementor-vertical-align-top .elementor-image-box-wrapper{align-items:flex-start}.elementor-widget-image-box.elementor-vertical-align-middle .elementor-image-box-wrapper{align-items:center}.elementor-widget-image-box.elementor-vertical-align-bottom .elementor-image-box-wrapper{align-items:flex-end}}@media (max-width:767px){.elementor-widget-image-box .elementor-image-box-img{margin-left:auto!important;margin-right:auto!important;margin-bottom:15px}}.elementor-widget-image-box .elementor-image-box-img{display:inline-block}.elementor-widget-image-box .elementor-image-box-title a{color:inherit}.elementor-widget-image-box .elementor-image-box-wrapper{text-align:center}.elementor-widget-image-box .elementor-image-box-description{margin:0}<\/style><div class=\"elementor-image-box-wrapper\"><figure class=\"elementor-image-box-img\"><img decoding=\"async\" width=\"128\" height=\"128\" src=\"https:\/\/www.myworkplaceapp.aioh.io\/wp-content\/uploads\/2024\/06\/Group-1-1.svg\" class=\"attachment-full size-full wp-image-15486\" alt=\"\" \/><\/figure><div class=\"elementor-image-box-content\"><h3 class=\"elementor-image-box-title\">Danmark<\/h3><p class=\"elementor-image-box-description\">Marielundvej 48, sal 4,\n2730 Herlev<\/p><\/div><\/div>\t\t<\/div>\n\t\t\t\t<\/div>\n\t\t\t\t\t<\/div>\n\t\t\t\t<\/div>\n\t\t<div class=\"elementor-element elementor-element-5b61f70 e-flex e-con-boxed e-con e-child\" data-id=\"5b61f70\" data-element_type=\"container\">\n\t\t\t\t\t<div class=\"e-con-inner\">\n\t\t\t\t<div class=\"elementor-element elementor-element-c4a64da elementor-position-top elementor-widget elementor-widget-image-box\" data-id=\"c4a64da\" data-element_type=\"widget\" data-widget_type=\"image-box.default\">\n\t\t\t\t<div class=\"elementor-widget-container\">\n\t\t\t<div class=\"elementor-image-box-wrapper\"><figure class=\"elementor-image-box-img\"><img decoding=\"async\" width=\"128\" height=\"128\" src=\"https:\/\/www.myworkplaceapp.aioh.io\/wp-content\/uploads\/2024\/06\/Group-3.svg\" class=\"attachment-full size-full wp-image-15482\" alt=\"\" \/><\/figure><div class=\"elementor-image-box-content\"><h3 class=\"elementor-image-box-title\">Dubai<\/h3><p class=\"elementor-image-box-description\">41966 \u2013 001\nBuilding A1, Dubai Digital Park,\nDubai Silicon Oasis<\/p><\/div><\/div>\t\t<\/div>\n\t\t\t\t<\/div>\n\t\t\t\t\t<\/div>\n\t\t\t\t<\/div>\n\t\t<div class=\"elementor-element elementor-element-d0f4309 e-flex e-con-boxed e-con e-child\" data-id=\"d0f4309\" data-element_type=\"container\">\n\t\t\t\t\t<div class=\"e-con-inner\">\n\t\t\t\t<div class=\"elementor-element elementor-element-38e4305 elementor-position-top elementor-widget elementor-widget-image-box\" data-id=\"38e4305\" data-element_type=\"widget\" data-widget_type=\"image-box.default\">\n\t\t\t\t<div class=\"elementor-widget-container\">\n\t\t\t<div class=\"elementor-image-box-wrapper\"><figure class=\"elementor-image-box-img\"><img decoding=\"async\" width=\"134\" height=\"134\" src=\"https:\/\/www.myworkplaceapp.aioh.io\/wp-content\/uploads\/2024\/06\/29-Gate-of-india.svg\" class=\"attachment-full size-full wp-image-15484\" alt=\"\" \/><\/figure><div class=\"elementor-image-box-content\"><h3 class=\"elementor-image-box-title\">India<\/h3><p class=\"elementor-image-box-description\">Desk ID: HD-381\nTwo Horizon Centre, Golf Course Road,5th\nFloor, DLF Phase 5, Gurugram, Haryana 122002<\/p><\/div><\/div>\t\t<\/div>\n\t\t\t\t<\/div>\n\t\t\t\t\t<\/div>\n\t\t\t\t<\/div>\n\t\t\t\t\t<\/div>\n\t\t\t\t<\/div>\n\t\t<div class=\"elementor-element elementor-element-a7d9501 e-con-full e-flex e-con e-parent\" data-id=\"a7d9501\" data-element_type=\"container\" data-core-v316-plus=\"true\">\n\t\t<div class=\"elementor-element elementor-element-867d670 address_position e-flex e-con-boxed e-con e-child\" data-id=\"867d670\" data-element_type=\"container\">\n\t\t\t\t\t<div class=\"e-con-inner\">\n\t\t\t\t<div class=\"elementor-element elementor-element-ebff579 elementor-widget elementor-widget-heading\" data-id=\"ebff579\" data-element_type=\"widget\" data-widget_type=\"heading.default\">\n\t\t\t\t<div class=\"elementor-widget-container\">\n\t\t\t<h2 class=\"elementor-heading-title elementor-size-default\">Kontakt vores <span class=\"change_color\">konsulentteam<\/span><\/h2>\t\t<\/div>\n\t\t\t\t<\/div>\n\t\t\t\t<div class=\"elementor-element elementor-element-b6774bb elementor-widget elementor-widget-text-editor\" data-id=\"b6774bb\" data-element_type=\"widget\" data-widget_type=\"text-editor.default\">\n\t\t\t\t<div class=\"elementor-widget-container\">\n\t\t\t\t\t\t\t<p>Udfyld formularen nedenfor og en medarbejder fra vores konsulentteam vil kontakte dig. Vi starter altid med at afd\u00e6kke hvad dit behov reelt er.<\/p>\t\t\t\t\t\t<\/div>\n\t\t\t\t<\/div>\n\t\t\t\t\t<\/div>\n\t\t\t\t<\/div>\n\t\t<div class=\"elementor-element elementor-element-093f54a img_box_set e-flex e-con-boxed e-con e-child\" data-id=\"093f54a\" data-element_type=\"container\">\n\t\t\t\t\t<div class=\"e-con-inner\">\n\t\t\t\t<div class=\"elementor-element elementor-element-80b4502 elementor-widget elementor-widget-tronix_ctf7\" data-id=\"80b4502\" data-element_type=\"widget\" data-widget_type=\"tronix_ctf7.default\">\n\t\t\t\t<div class=\"elementor-widget-container\">\n\t\t\t        <div class=\"tronix-ctf7s-wrapper\">\n            \n<div class=\"wpcf7 no-js\" id=\"wpcf7-f8930-o1\" lang=\"da-DK\" dir=\"ltr\">\n<div class=\"screen-reader-response\"><p role=\"status\" aria-live=\"polite\" aria-atomic=\"true\"><\/p> <ul><\/ul><\/div>\n<form action=\"\/da\/wp-json\/wp\/v2\/pages\/8938#wpcf7-f8930-o1\" method=\"post\" class=\"wpcf7-form init\" aria-label=\"Kontaktformular\" novalidate=\"novalidate\" data-status=\"init\">\n<div style=\"display: none;\">\n<input type=\"hidden\" name=\"_wpcf7\" value=\"8930\" \/>\n<input type=\"hidden\" name=\"_wpcf7_version\" value=\"5.9.4\" \/>\n<input type=\"hidden\" name=\"_wpcf7_locale\" value=\"da_DK\" \/>\n<input type=\"hidden\" name=\"_wpcf7_unit_tag\" value=\"wpcf7-f8930-o1\" \/>\n<input type=\"hidden\" name=\"_wpcf7_container_post\" value=\"0\" \/>\n<input type=\"hidden\" name=\"_wpcf7_posted_data_hash\" value=\"\" \/>\n<\/div>\n<div class=\"row\">\n<div class=\"col-md-12\">\n<label>Navn<\/label>\n<\/div>\n<div class=\"col-md-6 col-sm-12\">\n<span class=\"wpcf7-form-control-wrap\" data-name=\"first_name\"><input size=\"40\" class=\"wpcf7-form-control wpcf7-text wpcf7-validates-as-required first_name\" aria-required=\"true\" aria-invalid=\"false\" placeholder=\"Fornavn\" value=\"\" type=\"text\" name=\"first_name\" \/><\/span>\n<\/div>\n<div class=\"col-md-6 col-sm-12\">\n<span class=\"wpcf7-form-control-wrap\" data-name=\"last_name\"><input size=\"40\" class=\"wpcf7-form-control wpcf7-text wpcf7-validates-as-required last_name\" aria-required=\"true\" aria-invalid=\"false\" placeholder=\"Efternavn\" value=\"\" type=\"text\" name=\"last_name\" \/><\/span>\n<\/div>\n<\/div>\n<div class=\"row\">\n<div class=\"col-md-12\">\n<label>E-mail-adresse<\/label>\n<\/div>\n<div class=\"col-md-12\">\n<span class=\"wpcf7-form-control-wrap\" data-name=\"email_address\"><input size=\"40\" class=\"wpcf7-form-control wpcf7-email wpcf7-validates-as-required wpcf7-text wpcf7-validates-as-email email_address\" aria-required=\"true\" aria-invalid=\"false\" placeholder=\"E-mail-adresse\" value=\"\" type=\"email\" name=\"email_address\" \/><\/span>\n<\/div>\n<\/div>\n<div class=\"row\">\n<div class=\"col-md-12\">\n<label>Telefonnummer<\/label>\n<\/div>\n<div class=\"col-md-12\">\n<span class=\"wpcf7-form-control-wrap\" data-name=\"phone_number\"><input class=\"wpcf7-form-control wpcf7-number wpcf7-validates-as-required wpcf7-validates-as-number phone_number\" aria-required=\"true\" aria-invalid=\"false\" placeholder=\"Telefonnummer\" value=\"\" type=\"number\" name=\"phone_number\" \/><\/span>\n<\/div>\n<\/div>\n<div class=\"row\">\n<div class=\"col-md-12\">\n<label>Virksomhedens navn<\/label>\n<\/div>\n<div class=\"col-md-12\">\n<span class=\"wpcf7-form-control-wrap\" data-name=\"company_name\"><input size=\"40\" class=\"wpcf7-form-control wpcf7-text wpcf7-validates-as-required company_name\" aria-required=\"true\" aria-invalid=\"false\" placeholder=\"Virksomhedens navn\" value=\"\" type=\"text\" name=\"company_name\" \/><\/span>\n<\/div>\n<\/div>\n<div class=\"row checkbox_space\">\n<div class=\"col-md-12\">\n<span class=\"wpcf7-form-control-wrap\" data-name=\"accept_value\"><span class=\"wpcf7-form-control wpcf7-checkbox wpcf7-validates-as-required accept_value\"><span class=\"wpcf7-list-item first last\"><label><input type=\"checkbox\" name=\"accept_value[]\" value=\"Jeg accepterer at modtage anden kommunikation fra MyWorkplace\" \/><span class=\"wpcf7-list-item-label\">Jeg accepterer at modtage anden kommunikation fra MyWorkplace<\/span><\/label><\/span><\/span><\/span>\n<\/div>\n<\/div>\n<div class=\"row submit_space\">\n<div class=\"col-md-12\">\n<input class=\"wpcf7-form-control wpcf7-submit has-spinner\" type=\"submit\" value=\"Indsend\" \/>\n<\/div>\n<\/div><div class=\"wpcf7-response-output\" aria-hidden=\"true\"><\/div>\n<\/form>\n<\/div>\n        <\/div>\n        \t\t<\/div>\n\t\t\t\t<\/div>\n\t\t\t\t\t<\/div>\n\t\t\t\t<\/div>\n\t\t\t\t<\/div>\n\t\t<div class=\"elementor-element elementor-element-e534cda address_position e-flex e-con-boxed e-con e-parent\" data-id=\"e534cda\" data-element_type=\"container\" data-core-v316-plus=\"true\">\n\t\t\t\t\t<div class=\"e-con-inner\">\n\t\t<div class=\"elementor-element elementor-element-5a5b32d e-flex e-con-boxed e-con e-child\" data-id=\"5a5b32d\" data-element_type=\"container\">\n\t\t\t\t\t<div class=\"e-con-inner\">\n\t\t\t\t<div class=\"elementor-element elementor-element-6a2603a elementor-widget elementor-widget-heading\" data-id=\"6a2603a\" data-element_type=\"widget\" data-widget_type=\"heading.default\">\n\t\t\t\t<div class=\"elementor-widget-container\">\n\t\t\t<h2 class=\"elementor-heading-title elementor-size-default\">Eller vil du bare <span class=\"change_color\">vide mere<\/span> om hvordan du kommer i gang?<\/h2>\t\t<\/div>\n\t\t\t\t<\/div>\n\t\t\t\t<div class=\"elementor-element elementor-element-f1dc5d8 elementor-widget elementor-widget-text-editor\" data-id=\"f1dc5d8\" data-element_type=\"widget\" data-widget_type=\"text-editor.default\">\n\t\t\t\t<div class=\"elementor-widget-container\">\n\t\t\t\t\t\t\t<p>Opret et opkald, og start en gratis pr\u00f8veperiode<\/p>\t\t\t\t\t\t<\/div>\n\t\t\t\t<\/div>\n\t\t\t\t\t<\/div>\n\t\t\t\t<\/div>\n\t\t<div class=\"elementor-element elementor-element-716f35d e-flex e-con-boxed e-con e-child\" data-id=\"716f35d\" data-element_type=\"container\">\n\t\t\t\t\t<div class=\"e-con-inner\">\n\t\t\t\t<div class=\"elementor-element elementor-element-d73b98a elementor-widget elementor-widget-tronix_ctf7\" data-id=\"d73b98a\" data-element_type=\"widget\" data-widget_type=\"tronix_ctf7.default\">\n\t\t\t\t<div class=\"elementor-widget-container\">\n\t\t\t        <div class=\"tronix-ctf7s-wrapper\">\n            \n<div class=\"wpcf7 no-js\" id=\"wpcf7-f11234-o2\" lang=\"da-DK\" dir=\"ltr\">\n<div class=\"screen-reader-response\"><p role=\"status\" aria-live=\"polite\" aria-atomic=\"true\"><\/p> <ul><\/ul><\/div>\n<form action=\"\/da\/wp-json\/wp\/v2\/pages\/8938#wpcf7-f11234-o2\" method=\"post\" class=\"wpcf7-form init\" aria-label=\"Kontaktformular\" novalidate=\"novalidate\" data-status=\"init\">\n<div style=\"display: none;\">\n<input type=\"hidden\" name=\"_wpcf7\" value=\"11234\" \/>\n<input type=\"hidden\" name=\"_wpcf7_version\" value=\"5.9.4\" \/>\n<input type=\"hidden\" name=\"_wpcf7_locale\" value=\"da_DK\" \/>\n<input type=\"hidden\" name=\"_wpcf7_unit_tag\" value=\"wpcf7-f11234-o2\" \/>\n<input type=\"hidden\" name=\"_wpcf7_container_post\" value=\"0\" \/>\n<input type=\"hidden\" name=\"_wpcf7_posted_data_hash\" value=\"\" \/>\n<\/div>\n<div class=\"row_contnt_flex\"><div class=\"email_class\"><span class=\"wpcf7-form-control-wrap\" data-name=\"email_id\"><input size=\"40\" class=\"wpcf7-form-control wpcf7-email wpcf7-validates-as-required wpcf7-text wpcf7-validates-as-email\" aria-required=\"true\" aria-invalid=\"false\" placeholder=\"Din virksomheds e-mail\" value=\"\" type=\"email\" name=\"email_id\" \/><\/span><\/div><div class=\"submit_class\"><input class=\"wpcf7-form-control wpcf7-submit has-spinner\" type=\"submit\" value=\"Kom igang\" \/><\/div><\/div><div class=\"wpcf7-response-output\" aria-hidden=\"true\"><\/div>\n<\/form>\n<\/div>\n        <\/div>\n        \t\t<\/div>\n\t\t\t\t<\/div>\n\t\t\t\t\t<\/div>\n\t\t\t\t<\/div>\n\t\t\t\t\t<\/div>\n\t\t\t\t<\/div>\n\t\t\t\t<\/div>\n\t\t","protected":false},"excerpt":{"rendered":"<p>Kontakt os Vi er en moderne &#8220;employee journey experience&#8221; platform Vi er en international virksomhed med dybe r\u00f8dder indenfor medarbejder sundhed, [&hellip;]<\/p>\n","protected":false},"author":1,"featured_media":0,"parent":0,"menu_order":0,"comment_status":"closed","ping_status":"closed","template":"elementor_header_footer","meta":{"footnotes":""},"rttpg_featured_image_url":null,"rttpg_author":{"display_name":"user","author_link":"https:\/\/www.myworkplaceapp.aioh.io\/da\/author\/user\/"},"rttpg_comment":0,"rttpg_category":" <a href=\"https:\/\/www.myworkplaceapp.aioh.io\/da\/?taxonomy=translation_priority&#038;term=optional-da\" rel=\"tag\">Optional<\/a>","rttpg_excerpt":"Kontakt os Vi er en moderne &#8220;employee journey experience&#8221; platform Vi er en international virksomhed med dybe r\u00f8dder indenfor medarbejder sundhed, [&hellip;]","_links":{"self":[{"href":"https:\/\/www.myworkplaceapp.aioh.io\/da\/wp-json\/wp\/v2\/pages\/8938"}],"collection":[{"href":"https:\/\/www.myworkplaceapp.aioh.io\/da\/wp-json\/wp\/v2\/pages"}],"about":[{"href":"https:\/\/www.myworkplaceapp.aioh.io\/da\/wp-json\/wp\/v2\/types\/page"}],"author":[{"embeddable":true,"href":"https:\/\/www.myworkplaceapp.aioh.io\/da\/wp-json\/wp\/v2\/users\/1"}],"replies":[{"embeddable":true,"href":"https:\/\/www.myworkplaceapp.aioh.io\/da\/wp-json\/wp\/v2\/comments?post=8938"}],"version-history":[{"count":84,"href":"https:\/\/www.myworkplaceapp.aioh.io\/da\/wp-json\/wp\/v2\/pages\/8938\/revisions"}],"predecessor-version":[{"id":17540,"href":"https:\/\/www.myworkplaceapp.aioh.io\/da\/wp-json\/wp\/v2\/pages\/8938\/revisions\/17540"}],"wp:attachment":[{"href":"https:\/\/www.myworkplaceapp.aioh.io\/da\/wp-json\/wp\/v2\/media?parent=8938"}],"curies":[{"name":"wp","href":"https:\/\/api.w.org\/{rel}","templated":true}]}}