{"id":8950,"date":"2024-04-08T15:19:26","date_gmt":"2024-04-08T15:19:26","guid":{"rendered":"https:\/\/myworkplace.aioh.io\/vilkaar-og-betingelser\/"},"modified":"2024-04-29T16:30:17","modified_gmt":"2024-04-29T16:30:17","slug":"vilkaar-og-betingelser","status":"publish","type":"page","link":"https:\/\/www.myworkplaceapp.aioh.io\/da\/vilkaar-og-betingelser\/","title":{"rendered":"Vilk\u00e5r og betingelser"},"content":{"rendered":"\t\t<div data-elementor-type=\"wp-page\" data-elementor-id=\"8950\" class=\"elementor elementor-8950 elementor-7853\">\n\t\t\t\t<div class=\"elementor-element elementor-element-4fcd6f3 e-con-full inner e-flex e-con e-parent\" data-id=\"4fcd6f3\" data-element_type=\"container\" data-settings=\"{&quot;background_background&quot;:&quot;classic&quot;}\" data-core-v316-plus=\"true\">\n\t\t<div class=\"elementor-element elementor-element-4ce04f2 e-con-full e-flex e-con e-child\" data-id=\"4ce04f2\" data-element_type=\"container\">\n\t\t\t\t<div class=\"elementor-element elementor-element-080805b elementor-widget elementor-widget-heading\" data-id=\"080805b\" data-element_type=\"widget\" data-widget_type=\"heading.default\">\n\t\t\t\t<div class=\"elementor-widget-container\">\n\t\t\t<style>\/*! elementor - v3.20.0 - 11-03-2024 *\/\n.elementor-heading-title{padding:0;margin:0;line-height:1}.elementor-widget-heading .elementor-heading-title[class*=elementor-size-]>a{color:inherit;font-size:inherit;line-height:inherit}.elementor-widget-heading .elementor-heading-title.elementor-size-small{font-size:15px}.elementor-widget-heading .elementor-heading-title.elementor-size-medium{font-size:19px}.elementor-widget-heading .elementor-heading-title.elementor-size-large{font-size:29px}.elementor-widget-heading .elementor-heading-title.elementor-size-xl{font-size:39px}.elementor-widget-heading .elementor-heading-title.elementor-size-xxl{font-size:59px}<\/style><h1 class=\"elementor-heading-title elementor-size-default\">Vilk\u00e5r og betingelser<\/h1>\t\t<\/div>\n\t\t\t\t<\/div>\n\t\t\t\t<div class=\"elementor-element elementor-element-88e0143 margin-remove elementor-widget elementor-widget-text-editor\" data-id=\"88e0143\" data-element_type=\"widget\" data-widget_type=\"text-editor.default\">\n\t\t\t\t<div class=\"elementor-widget-container\">\n\t\t\t<style>\/*! elementor - v3.20.0 - 11-03-2024 *\/\n.elementor-widget-text-editor.elementor-drop-cap-view-stacked .elementor-drop-cap{background-color:#69727d;color:#fff}.elementor-widget-text-editor.elementor-drop-cap-view-framed .elementor-drop-cap{color:#69727d;border:3px solid;background-color:transparent}.elementor-widget-text-editor:not(.elementor-drop-cap-view-default) .elementor-drop-cap{margin-top:8px}.elementor-widget-text-editor:not(.elementor-drop-cap-view-default) .elementor-drop-cap-letter{width:1em;height:1em}.elementor-widget-text-editor .elementor-drop-cap{float:left;text-align:center;line-height:1;font-size:50px}.elementor-widget-text-editor .elementor-drop-cap-letter{display:inline-block}<\/style>\t\t\t\t<p>Version 29.09.2023<\/p>\n\t\t\t\t\t\t<\/div>\n\t\t\t\t<\/div>\n\t\t\t\t<\/div>\n\t\t\t\t<\/div>\n\t\t<div class=\"elementor-element elementor-element-197fd7b e-con-full e-flex e-con e-parent\" data-id=\"197fd7b\" data-element_type=\"container\" data-settings=\"{&quot;background_background&quot;:&quot;classic&quot;}\" data-core-v316-plus=\"true\">\n\t\t<div class=\"elementor-element elementor-element-c1c2ab2 e-con-full e-flex e-con e-child\" data-id=\"c1c2ab2\" data-element_type=\"container\">\n\t\t<div class=\"elementor-element elementor-element-629fcd7 e-flex e-con-boxed e-con e-child\" data-id=\"629fcd7\" data-element_type=\"container\">\n\t\t\t\t\t<div class=\"e-con-inner\">\n\t\t\t\t<div class=\"elementor-element elementor-element-fc9c22b elementor-widget elementor-widget-image-box\" data-id=\"fc9c22b\" data-element_type=\"widget\" data-widget_type=\"image-box.default\">\n\t\t\t\t<div class=\"elementor-widget-container\">\n\t\t\t<style>\/*! elementor - v3.20.0 - 11-03-2024 *\/\n.elementor-widget-image-box .elementor-image-box-content{width:100%}@media (min-width:768px){.elementor-widget-image-box.elementor-position-left .elementor-image-box-wrapper,.elementor-widget-image-box.elementor-position-right .elementor-image-box-wrapper{display:flex}.elementor-widget-image-box.elementor-position-right .elementor-image-box-wrapper{text-align:right;flex-direction:row-reverse}.elementor-widget-image-box.elementor-position-left .elementor-image-box-wrapper{text-align:left;flex-direction:row}.elementor-widget-image-box.elementor-position-top .elementor-image-box-img{margin:auto}.elementor-widget-image-box.elementor-vertical-align-top .elementor-image-box-wrapper{align-items:flex-start}.elementor-widget-image-box.elementor-vertical-align-middle .elementor-image-box-wrapper{align-items:center}.elementor-widget-image-box.elementor-vertical-align-bottom .elementor-image-box-wrapper{align-items:flex-end}}@media (max-width:767px){.elementor-widget-image-box .elementor-image-box-img{margin-left:auto!important;margin-right:auto!important;margin-bottom:15px}}.elementor-widget-image-box .elementor-image-box-img{display:inline-block}.elementor-widget-image-box .elementor-image-box-title a{color:inherit}.elementor-widget-image-box .elementor-image-box-wrapper{text-align:center}.elementor-widget-image-box .elementor-image-box-description{margin:0}<\/style><div class=\"elementor-image-box-wrapper\"><div class=\"elementor-image-box-content\"><h5 class=\"elementor-image-box-title\">Privatlivspolitik og vilk\u00e5r for brug<\/h5><p class=\"elementor-image-box-description\"><p>Version 29.09.2023<\/p>\n<p>MyWorkplace (i det f\u00f8lgende kaldet applikationen) er udviklet af KIAtec ApS og er baseret p\u00e5 CareX connect-platformen (i det f\u00f8lgende kaldet CareX). Du b\u00f8r l\u00e6se brugsbetingelserne, f\u00f8r du begynder at bruge applikationen. Din brug af tjenesterne indeb\u00e6rer, at du accepterer et s\u00e6t regler og betingelser, som vi forklarer nedenfor. Hvis du finder noget i disse betingelser, som du ikke kan acceptere, bedes du lukke ans\u00f8gningen.<\/p><\/p><\/div><\/div>\t\t<\/div>\n\t\t\t\t<\/div>\n\t\t\t\t<div class=\"elementor-element elementor-element-027e113 elementor-widget elementor-widget-image-box\" data-id=\"027e113\" data-element_type=\"widget\" data-widget_type=\"image-box.default\">\n\t\t\t\t<div class=\"elementor-widget-container\">\n\t\t\t<div class=\"elementor-image-box-wrapper\"><div class=\"elementor-image-box-content\"><h5 class=\"elementor-image-box-title\">Samtykkeerkl\u00e6ring og fortrolighed<\/h5><p class=\"elementor-image-box-description\"><p>KIAtec \u00f8nsker at beskytte dit privatliv i videst muligt omfang og har derfor opstillet nogle retningslinjer for behandlingen af dine personlige oplysninger, som du skal acceptere, f\u00f8r du bruger applikationen. N\u00e5r du tilmelder dig, bliver de personlige oplysninger, du giver, registreret i en lukket database i CareX. Disse oplysninger gemmes fra det \u00f8jeblik, du aktiverer din brugerkonto i CareX. Vi forbeholder os ret til at kontakte dig (notifikation, SMS, e-mail) i forbindelse med din brug af appen. Dette kan omfatte opdateringer eller generel brug af appen. KIAtec holder dine data fuldst\u00e6ndig fortrolige i overensstemmelse med g\u00e6ldende lovgivning. CareX videregiver IKKE de data, du m\u00e5tte indtaste i appen, til nogen ekstern tredjepart, herunder din arbejdsplads, uden din udtrykkelige tilladelse.<\/p>\n<p>Hvis du \u00f8nsker at give tilladelse (samtykke) til, at data deles med andre, s\u00e5som din n\u00e6rmeste leder eller en sundhedsudbyder, vil du altid modtage en specifik samtykkeanmodning, der indeholder form\u00e5let med datadeling, og hvordan data opbevares, samt hvordan du kan tr\u00e6kke dit samtykke til datadeling tilbage. Data vil altid blive opbevaret i overensstemmelse med lovgivningen for opbevaring af sundheds- og personf\u00f8lsomme oplysninger i henhold til GDPR. De data, der indsamles i forbindelse med din brug af appen og de tjenester i appen, som du bruger, gemmes i en lukket database. Dine data kan bruges i anonymiseret form og p\u00e5 et aggregeret niveau til at forbedre brugen af appen og til unders\u00f8gelser relateret til statistik, forskning eller trendvurderinger. Dine oplysninger opbevares i et sikkert datamilj\u00f8 inden for EU og er underlagt GDPR. Selvom vi beskytter dine data, kan vi ikke garantere 100% beskyttelse mod brud, herunder hacker- eller virusangreb. Vi kan heller ikke garantere konsekvenserne af et potentielt sikkerhedsbrud, og vi kan ikke holdes ansvarlige for det.<\/p><\/p><\/div><\/div>\t\t<\/div>\n\t\t\t\t<\/div>\n\t\t\t\t<div class=\"elementor-element elementor-element-078357f elementor-widget elementor-widget-image-box\" data-id=\"078357f\" data-element_type=\"widget\" data-widget_type=\"image-box.default\">\n\t\t\t\t<div class=\"elementor-widget-container\">\n\t\t\t<div class=\"elementor-image-box-wrapper\"><div class=\"elementor-image-box-content\"><h5 class=\"elementor-image-box-title\">S\u00e6rlige vilk\u00e5r for indhold udgivet af KIAPRO eller KIAtec<\/h5><p class=\"elementor-image-box-description\"><p>MyWorkplace er en l\u00f8sningsplatform, der g\u00f8r det muligt for din arbejdsplads at kommunikere t\u00e6ttere med dig. Det betyder ogs\u00e5, at din arbejdsplads har mulighed for at publicere indhold i appen. Ud over dette vil der ogs\u00e5 v\u00e6re standardindhold, der kommer fra KIAPRO, sundhedsredakt\u00f8ren med ansvar for indhold relateret til sundhed, velv\u00e6re og arbejdsmilj\u00f8, eller fra KIAtec som teknisk ansvarlig for l\u00f8sningen. KIAPRO forbeholder sig ret til at offentligg\u00f8re indhold i appen af generel sundheds- og arbejdsmilj\u00f8m\u00e6ssig karakter. Disse generelle oplysninger og oplysninger, der formidles i appen, m\u00e5 ikke bruges som erstatning for professionel r\u00e5dgivning eller behandling fra en autoriseret l\u00e6ge eller anden relevant fagperson. Links til information og andet indhold i de tilknyttede tjenester er af generel karakter og kan ikke erstatte individuel r\u00e5dgivning og vejledning fra fagfolk. Det generelle materiale skal ikke betragtes som diagnoser eller som grundlag for diagnoser. Hvis du har sundhedsrelaterede sp\u00f8rgsm\u00e5l, b\u00f8r de tages op i en direkte tovejsdialog med en l\u00e6ge eller anden professionel sundhedsudbyder. Hverken CareX eller tjenesteudbydere under CareX kan holdes direkte eller indirekte ansvarlige for eventuelle konsekvenser af brugen af de leverede tjenester, generelle oplysninger eller information. Alle rettigheder til indholdet i MyWorkplace tilh\u00f8rer KIAtec eller vores partnere og m\u00e5 ikke kopieres, s\u00e6lges, distribueres eller reproduceres uden skriftlig tilladelse. Det er dog tilladt for enkeltpersoner at printe materialet til eget ikke-erhvervsm\u00e6ssigt brug, forudsat at du ikke redigerer i indholdet, og du skal ogs\u00e5 printe disse brugsbetingelser og vedh\u00e6fte dem, s\u00e5 der ikke er tvivl om vilk\u00e5rene for brug af materialet for nogen, der m\u00e5tte komme i kontakt med det.<\/p>\n<p>Vi forbeholder os ret til at \u00e6ndre disse vilk\u00e5r til enhver tid. Hvis dette sker, vil det v\u00e6re synligt under \"Vilk\u00e5r\" i applikationen. Dine data er kun underlagt og kan kun bruges i overensstemmelse med betingelserne, som de var formuleret p\u00e5 det tidspunkt, hvor du accepterede betingelserne.<\/p>\n<p>Hvis du oplever problemer med funktionerne eller brugen af tjenesterne i applikationen, bedes du kontakte <a href=\"appsupport@kiatec.dk\" target=\"_blank\">appsupport@kiatec.dk<\/a><\/p><\/p><\/div><\/div>\t\t<\/div>\n\t\t\t\t<\/div>\n\t\t\t\t\t<\/div>\n\t\t\t\t<\/div>\n\t\t\t\t<\/div>\n\t\t\t\t<\/div>\n\t\t\t\t<\/div>\n\t\t","protected":false},"excerpt":{"rendered":"<p>Vilk\u00e5r og betingelser Version 29.09.2023 Privatlivspolitik og vilk\u00e5r for brug Version 29.09.2023 MyWorkplace (i det f\u00f8lgende kaldet applikationen) er udviklet af [&hellip;]<\/p>\n","protected":false},"author":1,"featured_media":0,"parent":0,"menu_order":0,"comment_status":"closed","ping_status":"closed","template":"elementor_header_footer","meta":{"footnotes":""},"rttpg_featured_image_url":null,"rttpg_author":{"display_name":"user","author_link":"https:\/\/www.myworkplaceapp.aioh.io\/da\/author\/user\/"},"rttpg_comment":0,"rttpg_category":" <a href=\"https:\/\/www.myworkplaceapp.aioh.io\/da\/?taxonomy=translation_priority&#038;term=optional-da\" rel=\"tag\">Optional<\/a>","rttpg_excerpt":"Vilk\u00e5r og betingelser Version 29.09.2023 Privatlivspolitik og vilk\u00e5r for brug Version 29.09.2023 MyWorkplace (i det f\u00f8lgende kaldet applikationen) er udviklet af [&hellip;]","_links":{"self":[{"href":"https:\/\/www.myworkplaceapp.aioh.io\/da\/wp-json\/wp\/v2\/pages\/8950"}],"collection":[{"href":"https:\/\/www.myworkplaceapp.aioh.io\/da\/wp-json\/wp\/v2\/pages"}],"about":[{"href":"https:\/\/www.myworkplaceapp.aioh.io\/da\/wp-json\/wp\/v2\/types\/page"}],"author":[{"embeddable":true,"href":"https:\/\/www.myworkplaceapp.aioh.io\/da\/wp-json\/wp\/v2\/users\/1"}],"replies":[{"embeddable":true,"href":"https:\/\/www.myworkplaceapp.aioh.io\/da\/wp-json\/wp\/v2\/comments?post=8950"}],"version-history":[{"count":14,"href":"https:\/\/www.myworkplaceapp.aioh.io\/da\/wp-json\/wp\/v2\/pages\/8950\/revisions"}],"predecessor-version":[{"id":10600,"href":"https:\/\/www.myworkplaceapp.aioh.io\/da\/wp-json\/wp\/v2\/pages\/8950\/revisions\/10600"}],"wp:attachment":[{"href":"https:\/\/www.myworkplaceapp.aioh.io\/da\/wp-json\/wp\/v2\/media?parent=8950"}],"curies":[{"name":"wp","href":"https:\/\/api.w.org\/{rel}","templated":true}]}}